{"id":14,"date":"2025-06-09T18:40:30","date_gmt":"2025-06-09T18:40:30","guid":{"rendered":"https:\/\/toposervices-ci.com\/?page_id=14"},"modified":"2025-06-12T02:46:46","modified_gmt":"2025-06-12T02:46:46","slug":"vente","status":"publish","type":"page","link":"https:\/\/toposervices-ci.com\/index.php\/materiels-topographiques\/vente\/","title":{"rendered":"Vente"},"content":{"rendered":"\t\t<div data-elementor-type=\"wp-page\" data-elementor-id=\"14\" class=\"elementor elementor-14\" data-elementor-post-type=\"page\">\n\t\t\t\t\t\t<section class=\"elementor-section elementor-top-section elementor-element elementor-element-2a609897 elementor-section-boxed elementor-section-height-default elementor-section-height-default\" data-id=\"2a609897\" data-element_type=\"section\" data-settings=\"{&quot;background_background&quot;:&quot;classic&quot;}\">\n\t\t\t\t\t\t\t<div class=\"elementor-background-overlay\"><\/div>\n\t\t\t\t\t\t\t<div class=\"elementor-container elementor-column-gap-default\">\n\t\t\t\t\t<div class=\"elementor-column elementor-col-100 elementor-top-column elementor-element elementor-element-3e1cf2b9\" data-id=\"3e1cf2b9\" data-element_type=\"column\">\n\t\t\t<div class=\"elementor-widget-wrap elementor-element-populated\">\n\t\t\t\t\t\t<div class=\"elementor-element elementor-element-f5fcb56 elementor-widget elementor-widget-heading\" data-id=\"f5fcb56\" data-element_type=\"widget\" data-widget_type=\"heading.default\">\n\t\t\t\t<div class=\"elementor-widget-container\">\n\t\t\t\t\t<h2 class=\"elementor-heading-title elementor-size-default\">Vente de mat\u00e9riels topographiques<\/h2>\t\t\t\t<\/div>\n\t\t\t\t<\/div>\n\t\t\t\t<div class=\"elementor-element elementor-element-13577f3e elementor-widget elementor-widget-breadcrumbs\" data-id=\"13577f3e\" data-element_type=\"widget\" data-widget_type=\"breadcrumbs.default\">\n\t\t\t\t<div class=\"elementor-widget-container\">\n\t\t\t\t\t<p id=\"breadcrumbs\"><span><span><a href=\"https:\/\/toposervices-ci.com\/\">Accueil<\/a><\/span><\/span><\/p>\t\t\t\t<\/div>\n\t\t\t\t<\/div>\n\t\t\t\t\t<\/div>\n\t\t<\/div>\n\t\t\t\t\t<\/div>\n\t\t<\/section>\n\t\t\t\t<section class=\"elementor-section elementor-top-section elementor-element elementor-element-151990f7 elementor-section-boxed elementor-section-height-default elementor-section-height-default\" data-id=\"151990f7\" data-element_type=\"section\">\n\t\t\t\t\t\t<div class=\"elementor-container elementor-column-gap-default\">\n\t\t\t\t\t<div class=\"elementor-column elementor-col-100 elementor-top-column elementor-element elementor-element-79f2179e\" data-id=\"79f2179e\" data-element_type=\"column\">\n\t\t\t<div class=\"elementor-widget-wrap elementor-element-populated\">\n\t\t\t\t\t\t<section class=\"elementor-section elementor-inner-section elementor-element elementor-element-8a18492 elementor-section-boxed elementor-section-height-default elementor-section-height-default\" data-id=\"8a18492\" data-element_type=\"section\">\n\t\t\t\t\t\t<div class=\"elementor-container elementor-column-gap-default\">\n\t\t\t\t\t<div class=\"elementor-column elementor-col-33 elementor-inner-column elementor-element elementor-element-983986c\" data-id=\"983986c\" data-element_type=\"column\">\n\t\t\t<div class=\"elementor-widget-wrap elementor-element-populated\">\n\t\t\t\t\t\t<div class=\"elementor-element elementor-element-83a5550 elementor-widget elementor-widget-image\" data-id=\"83a5550\" data-element_type=\"widget\" data-widget_type=\"image.default\">\n\t\t\t\t<div class=\"elementor-widget-container\">\n\t\t\t\t\t\t\t\t\t\t\t\t\t\t\t<img fetchpriority=\"high\" decoding=\"async\" width=\"500\" height=\"375\" src=\"https:\/\/toposervices-ci.com\/wp-content\/uploads\/2025\/06\/Niveau-TOPCON.jpg\" class=\"attachment-large size-large wp-image-424\" alt=\"\" srcset=\"https:\/\/toposervices-ci.com\/wp-content\/uploads\/2025\/06\/Niveau-TOPCON.jpg 500w, https:\/\/toposervices-ci.com\/wp-content\/uploads\/2025\/06\/Niveau-TOPCON-300x225.jpg 300w\" sizes=\"(max-width: 500px) 100vw, 500px\" \/>\t\t\t\t\t\t\t\t\t\t\t\t\t\t\t<\/div>\n\t\t\t\t<\/div>\n\t\t\t\t<div class=\"elementor-element elementor-element-09fa18d elementor-widget elementor-widget-heading\" data-id=\"09fa18d\" data-element_type=\"widget\" data-widget_type=\"heading.default\">\n\t\t\t\t<div class=\"elementor-widget-container\">\n\t\t\t\t\t<h2 class=\"elementor-heading-title elementor-size-default\">Niveau TOPCON<\/h2>\t\t\t\t<\/div>\n\t\t\t\t<\/div>\n\t\t\t\t\t<\/div>\n\t\t<\/div>\n\t\t\t\t<div class=\"elementor-column elementor-col-33 elementor-inner-column elementor-element elementor-element-b433f47\" data-id=\"b433f47\" data-element_type=\"column\">\n\t\t\t<div class=\"elementor-widget-wrap elementor-element-populated\">\n\t\t\t\t\t\t<div class=\"elementor-element elementor-element-3c3a901 elementor-widget elementor-widget-image\" data-id=\"3c3a901\" data-element_type=\"widget\" data-widget_type=\"image.default\">\n\t\t\t\t<div class=\"elementor-widget-container\">\n\t\t\t\t\t\t\t\t\t\t\t\t\t\t\t<img decoding=\"async\" width=\"500\" height=\"375\" src=\"https:\/\/toposervices-ci.com\/wp-content\/uploads\/2025\/06\/niveau-sprinter.jpg\" class=\"attachment-large size-large wp-image-423\" alt=\"\" srcset=\"https:\/\/toposervices-ci.com\/wp-content\/uploads\/2025\/06\/niveau-sprinter.jpg 500w, https:\/\/toposervices-ci.com\/wp-content\/uploads\/2025\/06\/niveau-sprinter-300x225.jpg 300w\" sizes=\"(max-width: 500px) 100vw, 500px\" \/>\t\t\t\t\t\t\t\t\t\t\t\t\t\t\t<\/div>\n\t\t\t\t<\/div>\n\t\t\t\t<div class=\"elementor-element elementor-element-a325885 elementor-widget elementor-widget-heading\" data-id=\"a325885\" data-element_type=\"widget\" data-widget_type=\"heading.default\">\n\t\t\t\t<div class=\"elementor-widget-container\">\n\t\t\t\t\t<h2 class=\"elementor-heading-title elementor-size-default\">Niveau SPRINTER<\/h2>\t\t\t\t<\/div>\n\t\t\t\t<\/div>\n\t\t\t\t\t<\/div>\n\t\t<\/div>\n\t\t\t\t<div class=\"elementor-column elementor-col-33 elementor-inner-column elementor-element elementor-element-075dfc9\" data-id=\"075dfc9\" data-element_type=\"column\">\n\t\t\t<div class=\"elementor-widget-wrap elementor-element-populated\">\n\t\t\t\t\t\t<div class=\"elementor-element elementor-element-002c7dd elementor-widget elementor-widget-image\" data-id=\"002c7dd\" data-element_type=\"widget\" data-widget_type=\"image.default\">\n\t\t\t\t<div class=\"elementor-widget-container\">\n\t\t\t\t\t\t\t\t\t\t\t\t\t\t\t<img decoding=\"async\" width=\"500\" height=\"375\" src=\"https:\/\/toposervices-ci.com\/wp-content\/uploads\/2025\/06\/leica-TS07.jpg\" class=\"attachment-large size-large wp-image-422\" alt=\"\" srcset=\"https:\/\/toposervices-ci.com\/wp-content\/uploads\/2025\/06\/leica-TS07.jpg 500w, https:\/\/toposervices-ci.com\/wp-content\/uploads\/2025\/06\/leica-TS07-300x225.jpg 300w\" sizes=\"(max-width: 500px) 100vw, 500px\" \/>\t\t\t\t\t\t\t\t\t\t\t\t\t\t\t<\/div>\n\t\t\t\t<\/div>\n\t\t\t\t<div class=\"elementor-element elementor-element-bf42d57 elementor-widget elementor-widget-heading\" data-id=\"bf42d57\" data-element_type=\"widget\" data-widget_type=\"heading.default\">\n\t\t\t\t<div class=\"elementor-widget-container\">\n\t\t\t\t\t<h2 class=\"elementor-heading-title elementor-size-default\">Station totale Leica TS07<\/h2>\t\t\t\t<\/div>\n\t\t\t\t<\/div>\n\t\t\t\t\t<\/div>\n\t\t<\/div>\n\t\t\t\t\t<\/div>\n\t\t<\/section>\n\t\t\t\t<section class=\"elementor-section elementor-inner-section elementor-element elementor-element-6c3adf4 elementor-section-boxed elementor-section-height-default elementor-section-height-default\" data-id=\"6c3adf4\" data-element_type=\"section\">\n\t\t\t\t\t\t<div class=\"elementor-container elementor-column-gap-default\">\n\t\t\t\t\t<div class=\"elementor-column elementor-col-33 elementor-inner-column elementor-element elementor-element-3d05d44\" data-id=\"3d05d44\" data-element_type=\"column\">\n\t\t\t<div class=\"elementor-widget-wrap elementor-element-populated\">\n\t\t\t\t\t\t<div class=\"elementor-element elementor-element-121b548 elementor-widget elementor-widget-image\" data-id=\"121b548\" data-element_type=\"widget\" data-widget_type=\"image.default\">\n\t\t\t\t<div class=\"elementor-widget-container\">\n\t\t\t\t\t\t\t\t\t\t\t\t\t\t\t<img loading=\"lazy\" decoding=\"async\" width=\"500\" height=\"375\" src=\"https:\/\/toposervices-ci.com\/wp-content\/uploads\/2025\/06\/GPS-Diffferentiel-Hi-Target.jpg\" class=\"attachment-large size-large wp-image-421\" alt=\"\" srcset=\"https:\/\/toposervices-ci.com\/wp-content\/uploads\/2025\/06\/GPS-Diffferentiel-Hi-Target.jpg 500w, https:\/\/toposervices-ci.com\/wp-content\/uploads\/2025\/06\/GPS-Diffferentiel-Hi-Target-300x225.jpg 300w\" sizes=\"(max-width: 500px) 100vw, 500px\" \/>\t\t\t\t\t\t\t\t\t\t\t\t\t\t\t<\/div>\n\t\t\t\t<\/div>\n\t\t\t\t<div class=\"elementor-element elementor-element-f8e4a1a elementor-widget elementor-widget-heading\" data-id=\"f8e4a1a\" data-element_type=\"widget\" data-widget_type=\"heading.default\">\n\t\t\t\t<div class=\"elementor-widget-container\">\n\t\t\t\t\t<h2 class=\"elementor-heading-title elementor-size-default\">GPS Diff\u00e9rentiel Hi-Target<\/h2>\t\t\t\t<\/div>\n\t\t\t\t<\/div>\n\t\t\t\t\t<\/div>\n\t\t<\/div>\n\t\t\t\t<div class=\"elementor-column elementor-col-33 elementor-inner-column elementor-element elementor-element-37efcfb\" data-id=\"37efcfb\" data-element_type=\"column\">\n\t\t\t<div class=\"elementor-widget-wrap elementor-element-populated\">\n\t\t\t\t\t\t<div class=\"elementor-element elementor-element-d442ee3 elementor-widget elementor-widget-image\" data-id=\"d442ee3\" data-element_type=\"widget\" data-widget_type=\"image.default\">\n\t\t\t\t<div class=\"elementor-widget-container\">\n\t\t\t\t\t\t\t\t\t\t\t\t\t\t\t<img loading=\"lazy\" decoding=\"async\" width=\"500\" height=\"375\" src=\"https:\/\/toposervices-ci.com\/wp-content\/uploads\/2025\/06\/GPS-differentiel-Stonex-S850A.jpg\" class=\"attachment-large size-large wp-image-420\" alt=\"\" srcset=\"https:\/\/toposervices-ci.com\/wp-content\/uploads\/2025\/06\/GPS-differentiel-Stonex-S850A.jpg 500w, https:\/\/toposervices-ci.com\/wp-content\/uploads\/2025\/06\/GPS-differentiel-Stonex-S850A-300x225.jpg 300w\" sizes=\"(max-width: 500px) 100vw, 500px\" \/>\t\t\t\t\t\t\t\t\t\t\t\t\t\t\t<\/div>\n\t\t\t\t<\/div>\n\t\t\t\t<div class=\"elementor-element elementor-element-ea94be1 elementor-widget elementor-widget-heading\" data-id=\"ea94be1\" data-element_type=\"widget\" data-widget_type=\"heading.default\">\n\t\t\t\t<div class=\"elementor-widget-container\">\n\t\t\t\t\t<h2 class=\"elementor-heading-title elementor-size-default\">GPS diff\u00e9rentiel Stonex S850A<\/h2>\t\t\t\t<\/div>\n\t\t\t\t<\/div>\n\t\t\t\t\t<\/div>\n\t\t<\/div>\n\t\t\t\t<div class=\"elementor-column elementor-col-33 elementor-inner-column elementor-element elementor-element-2230cc3\" data-id=\"2230cc3\" data-element_type=\"column\">\n\t\t\t<div class=\"elementor-widget-wrap elementor-element-populated\">\n\t\t\t\t\t\t<div class=\"elementor-element elementor-element-8c75fe8 elementor-widget elementor-widget-image\" data-id=\"8c75fe8\" data-element_type=\"widget\" data-widget_type=\"image.default\">\n\t\t\t\t<div class=\"elementor-widget-container\">\n\t\t\t\t\t\t\t\t\t\t\t\t\t\t\t<img loading=\"lazy\" decoding=\"async\" width=\"500\" height=\"375\" src=\"https:\/\/toposervices-ci.com\/wp-content\/uploads\/2025\/06\/GPS-differentiel-S9II.jpg\" class=\"attachment-large size-large wp-image-419\" alt=\"\" srcset=\"https:\/\/toposervices-ci.com\/wp-content\/uploads\/2025\/06\/GPS-differentiel-S9II.jpg 500w, https:\/\/toposervices-ci.com\/wp-content\/uploads\/2025\/06\/GPS-differentiel-S9II-300x225.jpg 300w\" sizes=\"(max-width: 500px) 100vw, 500px\" \/>\t\t\t\t\t\t\t\t\t\t\t\t\t\t\t<\/div>\n\t\t\t\t<\/div>\n\t\t\t\t<div class=\"elementor-element elementor-element-7c0b1da elementor-widget elementor-widget-heading\" data-id=\"7c0b1da\" data-element_type=\"widget\" data-widget_type=\"heading.default\">\n\t\t\t\t<div class=\"elementor-widget-container\">\n\t\t\t\t\t<h2 class=\"elementor-heading-title elementor-size-default\">GPS diff\u00e9rentiel S9II<\/h2>\t\t\t\t<\/div>\n\t\t\t\t<\/div>\n\t\t\t\t\t<\/div>\n\t\t<\/div>\n\t\t\t\t\t<\/div>\n\t\t<\/section>\n\t\t\t\t\t<\/div>\n\t\t<\/div>\n\t\t\t\t\t<\/div>\n\t\t<\/section>\n\t\t\t\t<section class=\"elementor-section elementor-top-section elementor-element elementor-element-7460ab0 elementor-section-boxed elementor-section-height-default elementor-section-height-default\" data-id=\"7460ab0\" data-element_type=\"section\">\n\t\t\t\t\t\t<div class=\"elementor-container elementor-column-gap-default\">\n\t\t\t\t\t<div class=\"elementor-column elementor-col-100 elementor-top-column elementor-element elementor-element-7eef4ee\" data-id=\"7eef4ee\" data-element_type=\"column\">\n\t\t\t<div class=\"elementor-widget-wrap elementor-element-populated\">\n\t\t\t\t\t\t<div class=\"elementor-element elementor-element-de56440 elementor-align-center elementor-widget elementor-widget-elementskit-button\" data-id=\"de56440\" data-element_type=\"widget\" data-widget_type=\"elementskit-button.default\">\n\t\t\t\t<div class=\"elementor-widget-container\">\n\t\t\t\t\t<div class=\"ekit-wid-con\" >\t\t<div class=\"ekit-btn-wraper\">\n\t\t\t\t\t\t\t<a href=\"https:\/\/toposervices-ci.com\/index.php\/contact\/\" class=\"elementskit-btn  whitespace--normal\" id=\"\">\n\t\t\t\t\tContactez-nous<svg class=\"e-font-icon-svg e-fas-arrow-circle-right\" viewBox=\"0 0 512 512\" xmlns=\"http:\/\/www.w3.org\/2000\/svg\"><path d=\"M256 8c137 0 248 111 248 248S393 504 256 504 8 393 8 256 119 8 256 8zm-28.9 143.6l75.5 72.4H120c-13.3 0-24 10.7-24 24v16c0 13.3 10.7 24 24 24h182.6l-75.5 72.4c-9.7 9.3-9.9 24.8-.4 34.3l11 10.9c9.4 9.4 24.6 9.4 33.9 0L404.3 273c9.4-9.4 9.4-24.6 0-33.9L271.6 106.3c-9.4-9.4-24.6-9.4-33.9 0l-11 10.9c-9.5 9.6-9.3 25.1.4 34.4z\"><\/path><\/svg>\t\t\t\t<\/a>\n\t\t\t\t\t<\/div>\n        <\/div>\t\t\t\t<\/div>\n\t\t\t\t<\/div>\n\t\t\t\t\t<\/div>\n\t\t<\/div>\n\t\t\t\t\t<\/div>\n\t\t<\/section>\n\t\t\t\t<\/div>\n\t\t","protected":false},"excerpt":{"rendered":"<p>Vente de mat\u00e9riels topographiques Niveau TOPCON Niveau SPRINTER Station totale Leica TS07 GPS Diff\u00e9rentiel Hi-Target GPS diff\u00e9rentiel Stonex S850A GPS diff\u00e9rentiel S9II Contactez-nous<\/p>\n","protected":false},"author":1,"featured_media":0,"parent":12,"menu_order":0,"comment_status":"closed","ping_status":"closed","template":"elementor_header_footer","meta":{"footnotes":""},"class_list":["post-14","page","type-page","status-publish","hentry"],"yoast_head":"<!-- This site is optimized with the Yoast SEO plugin v25.5 - https:\/\/yoast.com\/wordpress\/plugins\/seo\/ -->\n<title>Vente - Toposervices CI<\/title>\n<meta name=\"robots\" content=\"index, follow, max-snippet:-1, max-image-preview:large, max-video-preview:-1\" \/>\n<link rel=\"canonical\" href=\"https:\/\/toposervices-ci.com\/index.php\/materiels-topographiques\/vente\/\" \/>\n<meta property=\"og:locale\" content=\"fr_FR\" \/>\n<meta property=\"og:type\" content=\"article\" \/>\n<meta property=\"og:title\" content=\"Vente - Toposervices CI\" \/>\n<meta property=\"og:description\" content=\"Vente de mat\u00e9riels topographiques Niveau TOPCON Niveau SPRINTER Station totale Leica TS07 GPS Diff\u00e9rentiel Hi-Target GPS diff\u00e9rentiel Stonex S850A GPS diff\u00e9rentiel S9II Contactez-nous\" \/>\n<meta property=\"og:url\" content=\"https:\/\/toposervices-ci.com\/index.php\/materiels-topographiques\/vente\/\" \/>\n<meta property=\"og:site_name\" content=\"Toposervices CI\" \/>\n<meta property=\"article:modified_time\" content=\"2025-06-12T02:46:46+00:00\" \/>\n<meta property=\"og:image\" content=\"https:\/\/toposervices-ci.com\/wp-content\/uploads\/2025\/06\/Niveau-TOPCON.jpg\" \/>\n\t<meta property=\"og:image:width\" content=\"500\" \/>\n\t<meta property=\"og:image:height\" content=\"375\" \/>\n\t<meta property=\"og:image:type\" content=\"image\/jpeg\" \/>\n<meta name=\"twitter:card\" content=\"summary_large_image\" \/>\n<meta name=\"twitter:label1\" content=\"Dur\u00e9e de lecture estim\u00e9e\" \/>\n\t<meta name=\"twitter:data1\" content=\"2 minutes\" \/>\n<script type=\"application\/ld+json\" class=\"yoast-schema-graph\">{\"@context\":\"https:\/\/schema.org\",\"@graph\":[{\"@type\":\"WebPage\",\"@id\":\"https:\/\/toposervices-ci.com\/index.php\/materiels-topographiques\/vente\/\",\"url\":\"https:\/\/toposervices-ci.com\/index.php\/materiels-topographiques\/vente\/\",\"name\":\"Vente - Toposervices CI\",\"isPartOf\":{\"@id\":\"https:\/\/toposervices-ci.com\/#website\"},\"primaryImageOfPage\":{\"@id\":\"https:\/\/toposervices-ci.com\/index.php\/materiels-topographiques\/vente\/#primaryimage\"},\"image\":{\"@id\":\"https:\/\/toposervices-ci.com\/index.php\/materiels-topographiques\/vente\/#primaryimage\"},\"thumbnailUrl\":\"https:\/\/toposervices-ci.com\/wp-content\/uploads\/2025\/06\/Niveau-TOPCON.jpg\",\"datePublished\":\"2025-06-09T18:40:30+00:00\",\"dateModified\":\"2025-06-12T02:46:46+00:00\",\"breadcrumb\":{\"@id\":\"https:\/\/toposervices-ci.com\/index.php\/materiels-topographiques\/vente\/#breadcrumb\"},\"inLanguage\":\"fr-FR\",\"potentialAction\":[{\"@type\":\"ReadAction\",\"target\":[\"https:\/\/toposervices-ci.com\/index.php\/materiels-topographiques\/vente\/\"]}]},{\"@type\":\"ImageObject\",\"inLanguage\":\"fr-FR\",\"@id\":\"https:\/\/toposervices-ci.com\/index.php\/materiels-topographiques\/vente\/#primaryimage\",\"url\":\"https:\/\/toposervices-ci.com\/wp-content\/uploads\/2025\/06\/Niveau-TOPCON.jpg\",\"contentUrl\":\"https:\/\/toposervices-ci.com\/wp-content\/uploads\/2025\/06\/Niveau-TOPCON.jpg\",\"width\":500,\"height\":375},{\"@type\":\"BreadcrumbList\",\"@id\":\"https:\/\/toposervices-ci.com\/index.php\/materiels-topographiques\/vente\/#breadcrumb\",\"itemListElement\":[{\"@type\":\"ListItem\",\"position\":1,\"name\":\"Accueil\",\"item\":\"https:\/\/toposervices-ci.com\/\"},{\"@type\":\"ListItem\",\"position\":2,\"name\":\"Mat\u00e9riels topographiques\",\"item\":\"https:\/\/toposervices-ci.com\/index.php\/materiels-topographiques\/\"},{\"@type\":\"ListItem\",\"position\":3,\"name\":\"Vente\"}]},{\"@type\":\"WebSite\",\"@id\":\"https:\/\/toposervices-ci.com\/#website\",\"url\":\"https:\/\/toposervices-ci.com\/\",\"name\":\"Toposervices CI\",\"description\":\"\",\"publisher\":{\"@id\":\"https:\/\/toposervices-ci.com\/#organization\"},\"potentialAction\":[{\"@type\":\"SearchAction\",\"target\":{\"@type\":\"EntryPoint\",\"urlTemplate\":\"https:\/\/toposervices-ci.com\/?s={search_term_string}\"},\"query-input\":{\"@type\":\"PropertyValueSpecification\",\"valueRequired\":true,\"valueName\":\"search_term_string\"}}],\"inLanguage\":\"fr-FR\"},{\"@type\":\"Organization\",\"@id\":\"https:\/\/toposervices-ci.com\/#organization\",\"name\":\"Toposervices CI\",\"url\":\"https:\/\/toposervices-ci.com\/\",\"logo\":{\"@type\":\"ImageObject\",\"inLanguage\":\"fr-FR\",\"@id\":\"https:\/\/toposervices-ci.com\/#\/schema\/logo\/image\/\",\"url\":\"https:\/\/toposervices-ci.com\/wp-content\/uploads\/2025\/06\/cropped-Logo-toposervices.jpeg\",\"contentUrl\":\"https:\/\/toposervices-ci.com\/wp-content\/uploads\/2025\/06\/cropped-Logo-toposervices.jpeg\",\"width\":1424,\"height\":736,\"caption\":\"Toposervices CI\"},\"image\":{\"@id\":\"https:\/\/toposervices-ci.com\/#\/schema\/logo\/image\/\"}}]}<\/script>\n<!-- \/ Yoast SEO plugin. -->","yoast_head_json":{"title":"Vente - Toposervices CI","robots":{"index":"index","follow":"follow","max-snippet":"max-snippet:-1","max-image-preview":"max-image-preview:large","max-video-preview":"max-video-preview:-1"},"canonical":"https:\/\/toposervices-ci.com\/index.php\/materiels-topographiques\/vente\/","og_locale":"fr_FR","og_type":"article","og_title":"Vente - Toposervices CI","og_description":"Vente de mat\u00e9riels topographiques Niveau TOPCON Niveau SPRINTER Station totale Leica TS07 GPS Diff\u00e9rentiel Hi-Target GPS diff\u00e9rentiel Stonex S850A GPS diff\u00e9rentiel S9II Contactez-nous","og_url":"https:\/\/toposervices-ci.com\/index.php\/materiels-topographiques\/vente\/","og_site_name":"Toposervices CI","article_modified_time":"2025-06-12T02:46:46+00:00","og_image":[{"width":500,"height":375,"url":"https:\/\/toposervices-ci.com\/wp-content\/uploads\/2025\/06\/Niveau-TOPCON.jpg","type":"image\/jpeg"}],"twitter_card":"summary_large_image","twitter_misc":{"Dur\u00e9e de lecture estim\u00e9e":"2 minutes"},"schema":{"@context":"https:\/\/schema.org","@graph":[{"@type":"WebPage","@id":"https:\/\/toposervices-ci.com\/index.php\/materiels-topographiques\/vente\/","url":"https:\/\/toposervices-ci.com\/index.php\/materiels-topographiques\/vente\/","name":"Vente - Toposervices CI","isPartOf":{"@id":"https:\/\/toposervices-ci.com\/#website"},"primaryImageOfPage":{"@id":"https:\/\/toposervices-ci.com\/index.php\/materiels-topographiques\/vente\/#primaryimage"},"image":{"@id":"https:\/\/toposervices-ci.com\/index.php\/materiels-topographiques\/vente\/#primaryimage"},"thumbnailUrl":"https:\/\/toposervices-ci.com\/wp-content\/uploads\/2025\/06\/Niveau-TOPCON.jpg","datePublished":"2025-06-09T18:40:30+00:00","dateModified":"2025-06-12T02:46:46+00:00","breadcrumb":{"@id":"https:\/\/toposervices-ci.com\/index.php\/materiels-topographiques\/vente\/#breadcrumb"},"inLanguage":"fr-FR","potentialAction":[{"@type":"ReadAction","target":["https:\/\/toposervices-ci.com\/index.php\/materiels-topographiques\/vente\/"]}]},{"@type":"ImageObject","inLanguage":"fr-FR","@id":"https:\/\/toposervices-ci.com\/index.php\/materiels-topographiques\/vente\/#primaryimage","url":"https:\/\/toposervices-ci.com\/wp-content\/uploads\/2025\/06\/Niveau-TOPCON.jpg","contentUrl":"https:\/\/toposervices-ci.com\/wp-content\/uploads\/2025\/06\/Niveau-TOPCON.jpg","width":500,"height":375},{"@type":"BreadcrumbList","@id":"https:\/\/toposervices-ci.com\/index.php\/materiels-topographiques\/vente\/#breadcrumb","itemListElement":[{"@type":"ListItem","position":1,"name":"Accueil","item":"https:\/\/toposervices-ci.com\/"},{"@type":"ListItem","position":2,"name":"Mat\u00e9riels topographiques","item":"https:\/\/toposervices-ci.com\/index.php\/materiels-topographiques\/"},{"@type":"ListItem","position":3,"name":"Vente"}]},{"@type":"WebSite","@id":"https:\/\/toposervices-ci.com\/#website","url":"https:\/\/toposervices-ci.com\/","name":"Toposervices CI","description":"","publisher":{"@id":"https:\/\/toposervices-ci.com\/#organization"},"potentialAction":[{"@type":"SearchAction","target":{"@type":"EntryPoint","urlTemplate":"https:\/\/toposervices-ci.com\/?s={search_term_string}"},"query-input":{"@type":"PropertyValueSpecification","valueRequired":true,"valueName":"search_term_string"}}],"inLanguage":"fr-FR"},{"@type":"Organization","@id":"https:\/\/toposervices-ci.com\/#organization","name":"Toposervices CI","url":"https:\/\/toposervices-ci.com\/","logo":{"@type":"ImageObject","inLanguage":"fr-FR","@id":"https:\/\/toposervices-ci.com\/#\/schema\/logo\/image\/","url":"https:\/\/toposervices-ci.com\/wp-content\/uploads\/2025\/06\/cropped-Logo-toposervices.jpeg","contentUrl":"https:\/\/toposervices-ci.com\/wp-content\/uploads\/2025\/06\/cropped-Logo-toposervices.jpeg","width":1424,"height":736,"caption":"Toposervices CI"},"image":{"@id":"https:\/\/toposervices-ci.com\/#\/schema\/logo\/image\/"}}]}},"_links":{"self":[{"href":"https:\/\/toposervices-ci.com\/index.php\/wp-json\/wp\/v2\/pages\/14","targetHints":{"allow":["GET"]}}],"collection":[{"href":"https:\/\/toposervices-ci.com\/index.php\/wp-json\/wp\/v2\/pages"}],"about":[{"href":"https:\/\/toposervices-ci.com\/index.php\/wp-json\/wp\/v2\/types\/page"}],"author":[{"embeddable":true,"href":"https:\/\/toposervices-ci.com\/index.php\/wp-json\/wp\/v2\/users\/1"}],"replies":[{"embeddable":true,"href":"https:\/\/toposervices-ci.com\/index.php\/wp-json\/wp\/v2\/comments?post=14"}],"version-history":[{"count":7,"href":"https:\/\/toposervices-ci.com\/index.php\/wp-json\/wp\/v2\/pages\/14\/revisions"}],"predecessor-version":[{"id":427,"href":"https:\/\/toposervices-ci.com\/index.php\/wp-json\/wp\/v2\/pages\/14\/revisions\/427"}],"up":[{"embeddable":true,"href":"https:\/\/toposervices-ci.com\/index.php\/wp-json\/wp\/v2\/pages\/12"}],"wp:attachment":[{"href":"https:\/\/toposervices-ci.com\/index.php\/wp-json\/wp\/v2\/media?parent=14"}],"curies":[{"name":"wp","href":"https:\/\/api.w.org\/{rel}","templated":true}]}}