{"id":18,"date":"2025-06-09T18:41:28","date_gmt":"2025-06-09T18:41:28","guid":{"rendered":"https:\/\/toposervices-ci.com\/?page_id=18"},"modified":"2025-06-12T15:13:55","modified_gmt":"2025-06-12T15:13:55","slug":"maintenance","status":"publish","type":"page","link":"https:\/\/toposervices-ci.com\/index.php\/materiels-topographiques\/maintenance\/","title":{"rendered":"Maintenance"},"content":{"rendered":"\t\t<div data-elementor-type=\"wp-page\" data-elementor-id=\"18\" class=\"elementor elementor-18\" data-elementor-post-type=\"page\">\n\t\t\t\t\t\t<section class=\"elementor-section elementor-top-section elementor-element elementor-element-28575f05 elementor-section-boxed elementor-section-height-default elementor-section-height-default\" data-id=\"28575f05\" data-element_type=\"section\" data-settings=\"{&quot;background_background&quot;:&quot;classic&quot;}\">\n\t\t\t\t\t\t\t<div class=\"elementor-background-overlay\"><\/div>\n\t\t\t\t\t\t\t<div class=\"elementor-container elementor-column-gap-default\">\n\t\t\t\t\t<div class=\"elementor-column elementor-col-100 elementor-top-column elementor-element elementor-element-4d49217\" data-id=\"4d49217\" data-element_type=\"column\">\n\t\t\t<div class=\"elementor-widget-wrap elementor-element-populated\">\n\t\t\t\t\t\t<div class=\"elementor-element elementor-element-73f9a45 elementor-widget elementor-widget-breadcrumbs\" data-id=\"73f9a45\" data-element_type=\"widget\" data-widget_type=\"breadcrumbs.default\">\n\t\t\t\t<div class=\"elementor-widget-container\">\n\t\t\t\t\t<p id=\"breadcrumbs\"><span><span><a href=\"https:\/\/toposervices-ci.com\/\">Accueil<\/a><\/span><\/span><\/p>\t\t\t\t<\/div>\n\t\t\t\t<\/div>\n\t\t\t\t\t<\/div>\n\t\t<\/div>\n\t\t\t\t\t<\/div>\n\t\t<\/section>\n\t\t\t\t<section class=\"elementor-section elementor-top-section elementor-element elementor-element-5215ffd5 elementor-section-boxed elementor-section-height-default elementor-section-height-default\" data-id=\"5215ffd5\" data-element_type=\"section\">\n\t\t\t\t\t\t<div class=\"elementor-container elementor-column-gap-default\">\n\t\t\t\t\t<div class=\"elementor-column elementor-col-50 elementor-top-column elementor-element elementor-element-76295b21\" data-id=\"76295b21\" data-element_type=\"column\">\n\t\t\t<div class=\"elementor-widget-wrap elementor-element-populated\">\n\t\t\t\t\t\t<div class=\"elementor-element elementor-element-457f42b0 elementor-widget elementor-widget-text-editor\" data-id=\"457f42b0\" data-element_type=\"widget\" data-widget_type=\"text-editor.default\">\n\t\t\t\t<div class=\"elementor-widget-container\">\n\t\t\t\t\t\t\t\t\t<p>Nos diff\u00e9rents services de maintenance:<\/p><ul><li>Installation et configuration<\/li><li>\u00c9talonnage ;<\/li><li>R\u00e9vision g\u00e9n\u00e9rale ;<\/li><li>R\u00e9paration ;<\/li><li>Mise \u00e0 jour de firmware ;<\/li><\/ul>\t\t\t\t\t\t\t\t<\/div>\n\t\t\t\t<\/div>\n\t\t\t\t<div class=\"elementor-element elementor-element-851b021 elementor-widget elementor-widget-image\" data-id=\"851b021\" data-element_type=\"widget\" data-widget_type=\"image.default\">\n\t\t\t\t<div class=\"elementor-widget-container\">\n\t\t\t\t\t\t\t\t\t\t\t\t\t\t\t<img fetchpriority=\"high\" decoding=\"async\" width=\"500\" height=\"670\" src=\"https:\/\/toposervices-ci.com\/wp-content\/uploads\/2025\/06\/IMG_3835-1.jpg\" class=\"attachment-large size-large wp-image-467\" alt=\"\" srcset=\"https:\/\/toposervices-ci.com\/wp-content\/uploads\/2025\/06\/IMG_3835-1.jpg 500w, https:\/\/toposervices-ci.com\/wp-content\/uploads\/2025\/06\/IMG_3835-1-224x300.jpg 224w\" sizes=\"(max-width: 500px) 100vw, 500px\" \/>\t\t\t\t\t\t\t\t\t\t\t\t\t\t\t<\/div>\n\t\t\t\t<\/div>\n\t\t\t\t\t<\/div>\n\t\t<\/div>\n\t\t\t\t<div class=\"elementor-column elementor-col-50 elementor-top-column elementor-element elementor-element-347f95f7\" data-id=\"347f95f7\" data-element_type=\"column\" data-settings=\"{&quot;background_background&quot;:&quot;classic&quot;}\">\n\t\t\t<div class=\"elementor-widget-wrap elementor-element-populated\">\n\t\t\t\t\t\t<div class=\"elementor-element elementor-element-17b13b6d elementor-widget elementor-widget-heading\" data-id=\"17b13b6d\" data-element_type=\"widget\" data-widget_type=\"heading.default\">\n\t\t\t\t<div class=\"elementor-widget-container\">\n\t\t\t\t\t<h2 class=\"elementor-heading-title elementor-size-default\">Formulaire de d\u00e9pannage<\/h2>\t\t\t\t<\/div>\n\t\t\t\t<\/div>\n\t\t\t\t<div class=\"elementor-element elementor-element-251adac0 elementor-button-align-stretch elementor-widget elementor-widget-form\" data-id=\"251adac0\" data-element_type=\"widget\" data-settings=\"{&quot;button_width&quot;:&quot;60&quot;,&quot;step_next_label&quot;:&quot;Next&quot;,&quot;step_previous_label&quot;:&quot;Previous&quot;,&quot;step_type&quot;:&quot;number_text&quot;,&quot;step_icon_shape&quot;:&quot;circle&quot;}\" data-widget_type=\"form.default\">\n\t\t\t\t<div class=\"elementor-widget-container\">\n\t\t\t\t\t\t\t<form class=\"elementor-form\" method=\"post\" name=\"New Form\">\n\t\t\t<input type=\"hidden\" name=\"post_id\" value=\"18\"\/>\n\t\t\t<input type=\"hidden\" name=\"form_id\" value=\"251adac0\"\/>\n\t\t\t<input type=\"hidden\" name=\"referer_title\" value=\"Maintenance - Toposervices CI\" \/>\n\n\t\t\t\t\t\t\t<input type=\"hidden\" name=\"queried_id\" value=\"18\"\/>\n\t\t\t\n\t\t\t<div class=\"elementor-form-fields-wrapper elementor-labels-above\">\n\t\t\t\t\t\t\t\t<div class=\"elementor-field-type-text elementor-field-group elementor-column elementor-field-group-name elementor-col-50 elementor-field-required elementor-mark-required\">\n\t\t\t\t\t\t\t\t\t\t\t\t<label for=\"form-field-name\" class=\"elementor-field-label\">\n\t\t\t\t\t\t\t\tNom et pr\u00e9noms\t\t\t\t\t\t\t<\/label>\n\t\t\t\t\t\t\t\t\t\t\t\t\t\t<input size=\"1\" type=\"text\" name=\"form_fields[name]\" id=\"form-field-name\" class=\"elementor-field elementor-size-sm  elementor-field-textual\" required=\"required\">\n\t\t\t\t\t\t\t\t\t\t\t<\/div>\n\t\t\t\t\t\t\t\t<div class=\"elementor-field-type-text elementor-field-group elementor-column elementor-field-group-field_2991096 elementor-col-50 elementor-field-required elementor-mark-required\">\n\t\t\t\t\t\t\t\t\t\t\t\t<label for=\"form-field-field_2991096\" class=\"elementor-field-label\">\n\t\t\t\t\t\t\t\tT\u00e9l\u00e9phone\t\t\t\t\t\t\t<\/label>\n\t\t\t\t\t\t\t\t\t\t\t\t\t\t<input size=\"1\" type=\"text\" name=\"form_fields[field_2991096]\" id=\"form-field-field_2991096\" class=\"elementor-field elementor-size-sm  elementor-field-textual\" required=\"required\">\n\t\t\t\t\t\t\t\t\t\t\t<\/div>\n\t\t\t\t\t\t\t\t<div class=\"elementor-field-type-email elementor-field-group elementor-column elementor-field-group-email elementor-col-100 elementor-field-required elementor-mark-required\">\n\t\t\t\t\t\t\t\t\t\t\t\t<label for=\"form-field-email\" class=\"elementor-field-label\">\n\t\t\t\t\t\t\t\tAdresse email\t\t\t\t\t\t\t<\/label>\n\t\t\t\t\t\t\t\t\t\t\t\t\t\t<input size=\"1\" type=\"email\" name=\"form_fields[email]\" id=\"form-field-email\" class=\"elementor-field elementor-size-sm  elementor-field-textual\" required=\"required\">\n\t\t\t\t\t\t\t\t\t\t\t<\/div>\n\t\t\t\t\t\t\t\t<div class=\"elementor-field-type-select elementor-field-group elementor-column elementor-field-group-field_682e9a5 elementor-col-100 elementor-field-required elementor-mark-required\">\n\t\t\t\t\t\t\t\t\t\t\t\t<label for=\"form-field-field_682e9a5\" class=\"elementor-field-label\">\n\t\t\t\t\t\t\t\tS\u00e9lectionner le type de maintenance\t\t\t\t\t\t\t<\/label>\n\t\t\t\t\t\t\t\t<div class=\"elementor-field elementor-select-wrapper remove-before \">\n\t\t\t<div class=\"select-caret-down-wrapper\">\n\t\t\t\t<svg aria-hidden=\"true\" class=\"e-font-icon-svg e-eicon-caret-down\" viewBox=\"0 0 571.4 571.4\" xmlns=\"http:\/\/www.w3.org\/2000\/svg\"><path d=\"M571 393Q571 407 561 418L311 668Q300 679 286 679T261 668L11 418Q0 407 0 393T11 368 36 357H536Q550 357 561 368T571 393Z\"><\/path><\/svg>\t\t\t<\/div>\n\t\t\t<select name=\"form_fields[field_682e9a5]\" id=\"form-field-field_682e9a5\" class=\"elementor-field-textual elementor-size-sm\" required=\"required\">\n\t\t\t\t\t\t\t\t\t<option value=\"Nettoyage\">Nettoyage<\/option>\n\t\t\t\t\t\t\t\t\t<option value=\"Contr\u00f4le\">Contr\u00f4le<\/option>\n\t\t\t\t\t\t\t\t\t<option value=\"Etalonnage\">Etalonnage<\/option>\n\t\t\t\t\t\t\t\t\t<option value=\"R\u00e9vision g\u00e9n\u00e9rale avec protocole\">R\u00e9vision g\u00e9n\u00e9rale avec protocole<\/option>\n\t\t\t\t\t\t\t\t\t<option value=\"Changement de pi\u00e8ces \u00e9lectroniques\">Changement de pi\u00e8ces \u00e9lectroniques<\/option>\n\t\t\t\t\t\t\t\t\t<option value=\"Chargement \/ Modification de firmware\">Chargement \/ Modification de firmware<\/option>\n\t\t\t\t\t\t\t<\/select>\n\t\t<\/div>\n\t\t\t\t\t\t<\/div>\n\t\t\t\t\t\t\t\t<div class=\"elementor-field-type-textarea elementor-field-group elementor-column elementor-field-group-message elementor-col-100 elementor-field-required elementor-mark-required\">\n\t\t\t\t\t\t\t\t\t\t\t\t<label for=\"form-field-message\" class=\"elementor-field-label\">\n\t\t\t\t\t\t\t\tDescription de l'\u00e9quipement \u00e0 d\u00e9panner\t\t\t\t\t\t\t<\/label>\n\t\t\t\t\t\t<textarea class=\"elementor-field-textual elementor-field  elementor-size-sm\" name=\"form_fields[message]\" id=\"form-field-message\" rows=\"4\" required=\"required\"><\/textarea>\t\t\t\t<\/div>\n\t\t\t\t\t\t\t\t<div class=\"elementor-field-type-recaptcha elementor-field-group elementor-column elementor-field-group-field_96884b4 elementor-col-100\">\n\t\t\t\t\t<div class=\"elementor-field\" id=\"form-field-field_96884b4\"><\/div>\t\t\t\t<\/div>\n\t\t\t\t\t\t\t\t<div class=\"elementor-field-group elementor-column elementor-field-type-submit elementor-col-60 e-form__buttons\">\n\t\t\t\t\t<button class=\"elementor-button elementor-size-sm\" type=\"submit\">\n\t\t\t\t\t\t<span class=\"elementor-button-content-wrapper\">\n\t\t\t\t\t\t\t\t\t\t\t\t\t\t\t<span class=\"elementor-button-icon\">\n\t\t\t\t\t\t\t\t\t<svg aria-hidden=\"true\" class=\"e-font-icon-svg e-fas-paper-plane\" viewBox=\"0 0 512 512\" xmlns=\"http:\/\/www.w3.org\/2000\/svg\"><path d=\"M476 3.2L12.5 270.6c-18.1 10.4-15.8 35.6 2.2 43.2L121 358.4l287.3-253.2c5.5-4.9 13.3 2.6 8.6 8.3L176 407v80.5c0 23.6 28.5 32.9 42.5 15.8L282 426l124.6 52.2c14.2 6 30.4-2.9 33-18.2l72-432C515 7.8 493.3-6.8 476 3.2z\"><\/path><\/svg>\t\t\t\t\t\t\t\t\t\t\t\t\t\t\t\t\t<\/span>\n\t\t\t\t\t\t\t\t\t\t\t\t\t\t\t\t\t\t\t\t\t\t<span class=\"elementor-button-text\">ENVOYER VOTRE DEMANDE<\/span>\n\t\t\t\t\t\t\t\t\t\t\t\t\t<\/span>\n\t\t\t\t\t<\/button>\n\t\t\t\t<\/div>\n\t\t\t<\/div>\n\t\t<\/form>\n\t\t\t\t\t\t<\/div>\n\t\t\t\t<\/div>\n\t\t\t\t\t<\/div>\n\t\t<\/div>\n\t\t\t\t\t<\/div>\n\t\t<\/section>\n\t\t\t\t<\/div>\n\t\t","protected":false},"excerpt":{"rendered":"<p>Nos diff\u00e9rents services de maintenance: Installation et configuration \u00c9talonnage ; R\u00e9vision g\u00e9n\u00e9rale ; R\u00e9paration ; Mise \u00e0 jour de firmware ; Formulaire de d\u00e9pannage<\/p>\n","protected":false},"author":1,"featured_media":0,"parent":12,"menu_order":0,"comment_status":"closed","ping_status":"closed","template":"elementor_header_footer","meta":{"footnotes":""},"class_list":["post-18","page","type-page","status-publish","hentry"],"yoast_head":"<!-- This site is optimized with the Yoast SEO plugin v25.5 - https:\/\/yoast.com\/wordpress\/plugins\/seo\/ -->\n<title>Maintenance - Toposervices CI<\/title>\n<meta name=\"robots\" content=\"index, follow, max-snippet:-1, max-image-preview:large, max-video-preview:-1\" \/>\n<link rel=\"canonical\" href=\"https:\/\/toposervices-ci.com\/index.php\/materiels-topographiques\/maintenance\/\" \/>\n<meta property=\"og:locale\" content=\"fr_FR\" \/>\n<meta property=\"og:type\" content=\"article\" \/>\n<meta property=\"og:title\" content=\"Maintenance - Toposervices CI\" \/>\n<meta property=\"og:description\" content=\"Nos diff\u00e9rents services de maintenance: Installation et configuration \u00c9talonnage ; R\u00e9vision g\u00e9n\u00e9rale ; R\u00e9paration ; Mise \u00e0 jour de firmware ; Formulaire de d\u00e9pannage\" \/>\n<meta property=\"og:url\" content=\"https:\/\/toposervices-ci.com\/index.php\/materiels-topographiques\/maintenance\/\" \/>\n<meta property=\"og:site_name\" content=\"Toposervices CI\" \/>\n<meta property=\"article:modified_time\" content=\"2025-06-12T15:13:55+00:00\" \/>\n<meta property=\"og:image\" content=\"https:\/\/toposervices-ci.com\/wp-content\/uploads\/2025\/06\/IMG_3835-1.jpg\" \/>\n\t<meta property=\"og:image:width\" content=\"500\" \/>\n\t<meta property=\"og:image:height\" content=\"670\" \/>\n\t<meta property=\"og:image:type\" content=\"image\/jpeg\" \/>\n<meta name=\"twitter:card\" content=\"summary_large_image\" \/>\n<meta name=\"twitter:label1\" content=\"Dur\u00e9e de lecture estim\u00e9e\" \/>\n\t<meta name=\"twitter:data1\" content=\"1 minute\" \/>\n<script type=\"application\/ld+json\" class=\"yoast-schema-graph\">{\"@context\":\"https:\/\/schema.org\",\"@graph\":[{\"@type\":\"WebPage\",\"@id\":\"https:\/\/toposervices-ci.com\/index.php\/materiels-topographiques\/maintenance\/\",\"url\":\"https:\/\/toposervices-ci.com\/index.php\/materiels-topographiques\/maintenance\/\",\"name\":\"Maintenance - Toposervices CI\",\"isPartOf\":{\"@id\":\"https:\/\/toposervices-ci.com\/#website\"},\"primaryImageOfPage\":{\"@id\":\"https:\/\/toposervices-ci.com\/index.php\/materiels-topographiques\/maintenance\/#primaryimage\"},\"image\":{\"@id\":\"https:\/\/toposervices-ci.com\/index.php\/materiels-topographiques\/maintenance\/#primaryimage\"},\"thumbnailUrl\":\"https:\/\/toposervices-ci.com\/wp-content\/uploads\/2025\/06\/IMG_3835-1.jpg\",\"datePublished\":\"2025-06-09T18:41:28+00:00\",\"dateModified\":\"2025-06-12T15:13:55+00:00\",\"breadcrumb\":{\"@id\":\"https:\/\/toposervices-ci.com\/index.php\/materiels-topographiques\/maintenance\/#breadcrumb\"},\"inLanguage\":\"fr-FR\",\"potentialAction\":[{\"@type\":\"ReadAction\",\"target\":[\"https:\/\/toposervices-ci.com\/index.php\/materiels-topographiques\/maintenance\/\"]}]},{\"@type\":\"ImageObject\",\"inLanguage\":\"fr-FR\",\"@id\":\"https:\/\/toposervices-ci.com\/index.php\/materiels-topographiques\/maintenance\/#primaryimage\",\"url\":\"https:\/\/toposervices-ci.com\/wp-content\/uploads\/2025\/06\/IMG_3835-1.jpg\",\"contentUrl\":\"https:\/\/toposervices-ci.com\/wp-content\/uploads\/2025\/06\/IMG_3835-1.jpg\",\"width\":500,\"height\":670},{\"@type\":\"BreadcrumbList\",\"@id\":\"https:\/\/toposervices-ci.com\/index.php\/materiels-topographiques\/maintenance\/#breadcrumb\",\"itemListElement\":[{\"@type\":\"ListItem\",\"position\":1,\"name\":\"Accueil\",\"item\":\"https:\/\/toposervices-ci.com\/\"},{\"@type\":\"ListItem\",\"position\":2,\"name\":\"Mat\u00e9riels topographiques\",\"item\":\"https:\/\/toposervices-ci.com\/index.php\/materiels-topographiques\/\"},{\"@type\":\"ListItem\",\"position\":3,\"name\":\"Maintenance\"}]},{\"@type\":\"WebSite\",\"@id\":\"https:\/\/toposervices-ci.com\/#website\",\"url\":\"https:\/\/toposervices-ci.com\/\",\"name\":\"Toposervices CI\",\"description\":\"\",\"publisher\":{\"@id\":\"https:\/\/toposervices-ci.com\/#organization\"},\"potentialAction\":[{\"@type\":\"SearchAction\",\"target\":{\"@type\":\"EntryPoint\",\"urlTemplate\":\"https:\/\/toposervices-ci.com\/?s={search_term_string}\"},\"query-input\":{\"@type\":\"PropertyValueSpecification\",\"valueRequired\":true,\"valueName\":\"search_term_string\"}}],\"inLanguage\":\"fr-FR\"},{\"@type\":\"Organization\",\"@id\":\"https:\/\/toposervices-ci.com\/#organization\",\"name\":\"Toposervices CI\",\"url\":\"https:\/\/toposervices-ci.com\/\",\"logo\":{\"@type\":\"ImageObject\",\"inLanguage\":\"fr-FR\",\"@id\":\"https:\/\/toposervices-ci.com\/#\/schema\/logo\/image\/\",\"url\":\"https:\/\/toposervices-ci.com\/wp-content\/uploads\/2025\/06\/cropped-Logo-toposervices.jpeg\",\"contentUrl\":\"https:\/\/toposervices-ci.com\/wp-content\/uploads\/2025\/06\/cropped-Logo-toposervices.jpeg\",\"width\":1424,\"height\":736,\"caption\":\"Toposervices CI\"},\"image\":{\"@id\":\"https:\/\/toposervices-ci.com\/#\/schema\/logo\/image\/\"}}]}<\/script>\n<!-- \/ Yoast SEO plugin. -->","yoast_head_json":{"title":"Maintenance - Toposervices CI","robots":{"index":"index","follow":"follow","max-snippet":"max-snippet:-1","max-image-preview":"max-image-preview:large","max-video-preview":"max-video-preview:-1"},"canonical":"https:\/\/toposervices-ci.com\/index.php\/materiels-topographiques\/maintenance\/","og_locale":"fr_FR","og_type":"article","og_title":"Maintenance - Toposervices CI","og_description":"Nos diff\u00e9rents services de maintenance: Installation et configuration \u00c9talonnage ; R\u00e9vision g\u00e9n\u00e9rale ; R\u00e9paration ; Mise \u00e0 jour de firmware ; Formulaire de d\u00e9pannage","og_url":"https:\/\/toposervices-ci.com\/index.php\/materiels-topographiques\/maintenance\/","og_site_name":"Toposervices CI","article_modified_time":"2025-06-12T15:13:55+00:00","og_image":[{"width":500,"height":670,"url":"https:\/\/toposervices-ci.com\/wp-content\/uploads\/2025\/06\/IMG_3835-1.jpg","type":"image\/jpeg"}],"twitter_card":"summary_large_image","twitter_misc":{"Dur\u00e9e de lecture estim\u00e9e":"1 minute"},"schema":{"@context":"https:\/\/schema.org","@graph":[{"@type":"WebPage","@id":"https:\/\/toposervices-ci.com\/index.php\/materiels-topographiques\/maintenance\/","url":"https:\/\/toposervices-ci.com\/index.php\/materiels-topographiques\/maintenance\/","name":"Maintenance - Toposervices CI","isPartOf":{"@id":"https:\/\/toposervices-ci.com\/#website"},"primaryImageOfPage":{"@id":"https:\/\/toposervices-ci.com\/index.php\/materiels-topographiques\/maintenance\/#primaryimage"},"image":{"@id":"https:\/\/toposervices-ci.com\/index.php\/materiels-topographiques\/maintenance\/#primaryimage"},"thumbnailUrl":"https:\/\/toposervices-ci.com\/wp-content\/uploads\/2025\/06\/IMG_3835-1.jpg","datePublished":"2025-06-09T18:41:28+00:00","dateModified":"2025-06-12T15:13:55+00:00","breadcrumb":{"@id":"https:\/\/toposervices-ci.com\/index.php\/materiels-topographiques\/maintenance\/#breadcrumb"},"inLanguage":"fr-FR","potentialAction":[{"@type":"ReadAction","target":["https:\/\/toposervices-ci.com\/index.php\/materiels-topographiques\/maintenance\/"]}]},{"@type":"ImageObject","inLanguage":"fr-FR","@id":"https:\/\/toposervices-ci.com\/index.php\/materiels-topographiques\/maintenance\/#primaryimage","url":"https:\/\/toposervices-ci.com\/wp-content\/uploads\/2025\/06\/IMG_3835-1.jpg","contentUrl":"https:\/\/toposervices-ci.com\/wp-content\/uploads\/2025\/06\/IMG_3835-1.jpg","width":500,"height":670},{"@type":"BreadcrumbList","@id":"https:\/\/toposervices-ci.com\/index.php\/materiels-topographiques\/maintenance\/#breadcrumb","itemListElement":[{"@type":"ListItem","position":1,"name":"Accueil","item":"https:\/\/toposervices-ci.com\/"},{"@type":"ListItem","position":2,"name":"Mat\u00e9riels topographiques","item":"https:\/\/toposervices-ci.com\/index.php\/materiels-topographiques\/"},{"@type":"ListItem","position":3,"name":"Maintenance"}]},{"@type":"WebSite","@id":"https:\/\/toposervices-ci.com\/#website","url":"https:\/\/toposervices-ci.com\/","name":"Toposervices CI","description":"","publisher":{"@id":"https:\/\/toposervices-ci.com\/#organization"},"potentialAction":[{"@type":"SearchAction","target":{"@type":"EntryPoint","urlTemplate":"https:\/\/toposervices-ci.com\/?s={search_term_string}"},"query-input":{"@type":"PropertyValueSpecification","valueRequired":true,"valueName":"search_term_string"}}],"inLanguage":"fr-FR"},{"@type":"Organization","@id":"https:\/\/toposervices-ci.com\/#organization","name":"Toposervices CI","url":"https:\/\/toposervices-ci.com\/","logo":{"@type":"ImageObject","inLanguage":"fr-FR","@id":"https:\/\/toposervices-ci.com\/#\/schema\/logo\/image\/","url":"https:\/\/toposervices-ci.com\/wp-content\/uploads\/2025\/06\/cropped-Logo-toposervices.jpeg","contentUrl":"https:\/\/toposervices-ci.com\/wp-content\/uploads\/2025\/06\/cropped-Logo-toposervices.jpeg","width":1424,"height":736,"caption":"Toposervices CI"},"image":{"@id":"https:\/\/toposervices-ci.com\/#\/schema\/logo\/image\/"}}]}},"_links":{"self":[{"href":"https:\/\/toposervices-ci.com\/index.php\/wp-json\/wp\/v2\/pages\/18","targetHints":{"allow":["GET"]}}],"collection":[{"href":"https:\/\/toposervices-ci.com\/index.php\/wp-json\/wp\/v2\/pages"}],"about":[{"href":"https:\/\/toposervices-ci.com\/index.php\/wp-json\/wp\/v2\/types\/page"}],"author":[{"embeddable":true,"href":"https:\/\/toposervices-ci.com\/index.php\/wp-json\/wp\/v2\/users\/1"}],"replies":[{"embeddable":true,"href":"https:\/\/toposervices-ci.com\/index.php\/wp-json\/wp\/v2\/comments?post=18"}],"version-history":[{"count":7,"href":"https:\/\/toposervices-ci.com\/index.php\/wp-json\/wp\/v2\/pages\/18\/revisions"}],"predecessor-version":[{"id":470,"href":"https:\/\/toposervices-ci.com\/index.php\/wp-json\/wp\/v2\/pages\/18\/revisions\/470"}],"up":[{"embeddable":true,"href":"https:\/\/toposervices-ci.com\/index.php\/wp-json\/wp\/v2\/pages\/12"}],"wp:attachment":[{"href":"https:\/\/toposervices-ci.com\/index.php\/wp-json\/wp\/v2\/media?parent=18"}],"curies":[{"name":"wp","href":"https:\/\/api.w.org\/{rel}","templated":true}]}}