{"id":22,"date":"2025-06-09T18:42:31","date_gmt":"2025-06-09T18:42:31","guid":{"rendered":"https:\/\/toposervices-ci.com\/?page_id=22"},"modified":"2025-06-12T15:46:06","modified_gmt":"2025-06-12T15:46:06","slug":"immobiliers","status":"publish","type":"page","link":"https:\/\/toposervices-ci.com\/index.php\/immobiliers\/","title":{"rendered":"Immobiliers"},"content":{"rendered":"\t\t<div data-elementor-type=\"wp-page\" data-elementor-id=\"22\" class=\"elementor elementor-22\" data-elementor-post-type=\"page\">\n\t\t\t\t\t\t<section class=\"elementor-section elementor-top-section elementor-element elementor-element-78a093d5 elementor-section-boxed elementor-section-height-default elementor-section-height-default\" data-id=\"78a093d5\" data-element_type=\"section\" data-settings=\"{&quot;background_background&quot;:&quot;classic&quot;}\">\n\t\t\t\t\t\t\t<div class=\"elementor-background-overlay\"><\/div>\n\t\t\t\t\t\t\t<div class=\"elementor-container elementor-column-gap-default\">\n\t\t\t\t\t<div class=\"elementor-column elementor-col-100 elementor-top-column elementor-element elementor-element-7646d091\" data-id=\"7646d091\" data-element_type=\"column\">\n\t\t\t<div class=\"elementor-widget-wrap elementor-element-populated\">\n\t\t\t\t\t\t<div class=\"elementor-element elementor-element-7c1b8675 elementor-widget elementor-widget-breadcrumbs\" data-id=\"7c1b8675\" data-element_type=\"widget\" data-widget_type=\"breadcrumbs.default\">\n\t\t\t\t<div class=\"elementor-widget-container\">\n\t\t\t\t\t<p id=\"breadcrumbs\"><span><span><a href=\"https:\/\/toposervices-ci.com\/\">Accueil<\/a><\/span><\/span><\/p>\t\t\t\t<\/div>\n\t\t\t\t<\/div>\n\t\t\t\t\t<\/div>\n\t\t<\/div>\n\t\t\t\t\t<\/div>\n\t\t<\/section>\n\t\t\t\t<section class=\"elementor-section elementor-top-section elementor-element elementor-element-5e47fa1b elementor-section-boxed elementor-section-height-default elementor-section-height-default\" data-id=\"5e47fa1b\" data-element_type=\"section\">\n\t\t\t\t\t\t<div class=\"elementor-container elementor-column-gap-default\">\n\t\t\t\t\t<div class=\"elementor-column elementor-col-100 elementor-top-column elementor-element elementor-element-73d5ca39\" data-id=\"73d5ca39\" data-element_type=\"column\">\n\t\t\t<div class=\"elementor-widget-wrap elementor-element-populated\">\n\t\t\t\t\t\t<div class=\"elementor-element elementor-element-bbaafa8 elementor-widget elementor-widget-text-editor\" data-id=\"bbaafa8\" data-element_type=\"widget\" data-widget_type=\"text-editor.default\">\n\t\t\t\t<div class=\"elementor-widget-container\">\n\t\t\t\t\t\t\t\t\t<p data-start=\"0\" data-end=\"389\">TOPOSERVICES propose un service immobilier fiable et complet en C\u00f4te d\u2019Ivoire, destin\u00e9 aux particuliers, entreprises et investisseurs. Gr\u00e2ce \u00e0 notre expertise en topographie et \u00e0 notre connaissance approfondie du march\u00e9 foncier, nous vous accompagnons dans la <strong data-start=\"317\" data-end=\"386\">vente, l\u2019achat et la location de terrains et de biens immobiliers<\/strong>.<\/p><p data-start=\"391\" data-end=\"713\">Nos offres sont rigoureusement s\u00e9lectionn\u00e9es : terrains bien situ\u00e9s, titres fonciers authentiques, documents administratifs \u00e0 jour, absence de litiges. Nous assurons un accompagnement personnalis\u00e9 \u00e0 chaque \u00e9tape de votre projet : recherche, visites, n\u00e9gociation, v\u00e9rification juridique et finalisation de la transaction.<\/p><p data-start=\"715\" data-end=\"891\">Notre \u00e9quipe vous garantit un <strong data-start=\"745\" data-end=\"795\">service professionnel, transparent et s\u00e9curis\u00e9<\/strong>, bas\u00e9 sur des valeurs fortes comme l\u2019int\u00e9grit\u00e9, la performance et le respect des engagements.<\/p><p data-start=\"893\" data-end=\"1099\" data-is-last-node=\"\" data-is-only-node=\"\">Avec TOPOSERVICES, vous avez l\u2019assurance de r\u00e9aliser vos projets immobiliers dans les meilleures conditions, en toute confiance. Contactez-nous pour concr\u00e9tiser vos ambitions immobili\u00e8res en toute s\u00e9r\u00e9nit\u00e9.<\/p>\t\t\t\t\t\t\t\t<\/div>\n\t\t\t\t<\/div>\n\t\t\t\t<div class=\"elementor-element elementor-element-f38dd6e elementor-align-left elementor-widget elementor-widget-elementskit-button\" data-id=\"f38dd6e\" data-element_type=\"widget\" data-widget_type=\"elementskit-button.default\">\n\t\t\t\t<div class=\"elementor-widget-container\">\n\t\t\t\t\t<div class=\"ekit-wid-con\" >\t\t<div class=\"ekit-btn-wraper\">\n\t\t\t\t\t\t\t<a href=\"https:\/\/toposervices-ci.com\/index.php\/contact\/\" class=\"elementskit-btn  whitespace--normal\" id=\"\">\n\t\t\t\t\tNous contacter<svg class=\"e-font-icon-svg e-fas-arrow-circle-right\" viewBox=\"0 0 512 512\" xmlns=\"http:\/\/www.w3.org\/2000\/svg\"><path d=\"M256 8c137 0 248 111 248 248S393 504 256 504 8 393 8 256 119 8 256 8zm-28.9 143.6l75.5 72.4H120c-13.3 0-24 10.7-24 24v16c0 13.3 10.7 24 24 24h182.6l-75.5 72.4c-9.7 9.3-9.9 24.8-.4 34.3l11 10.9c9.4 9.4 24.6 9.4 33.9 0L404.3 273c9.4-9.4 9.4-24.6 0-33.9L271.6 106.3c-9.4-9.4-24.6-9.4-33.9 0l-11 10.9c-9.5 9.6-9.3 25.1.4 34.4z\"><\/path><\/svg>\t\t\t\t<\/a>\n\t\t\t\t\t<\/div>\n        <\/div>\t\t\t\t<\/div>\n\t\t\t\t<\/div>\n\t\t\t\t\t<\/div>\n\t\t<\/div>\n\t\t\t\t\t<\/div>\n\t\t<\/section>\n\t\t\t\t<\/div>\n\t\t","protected":false},"excerpt":{"rendered":"<p>TOPOSERVICES propose un service immobilier fiable et complet en C\u00f4te d\u2019Ivoire, destin\u00e9 aux particuliers, entreprises et investisseurs. Gr\u00e2ce \u00e0 notre expertise en topographie et \u00e0 notre connaissance approfondie du march\u00e9 foncier, nous vous accompagnons dans la vente, l\u2019achat et la location de terrains et de biens immobiliers. Nos offres sont rigoureusement s\u00e9lectionn\u00e9es : terrains bien [&hellip;]<\/p>\n","protected":false},"author":1,"featured_media":0,"parent":0,"menu_order":0,"comment_status":"closed","ping_status":"closed","template":"elementor_header_footer","meta":{"footnotes":""},"class_list":["post-22","page","type-page","status-publish","hentry"],"yoast_head":"<!-- This site is optimized with the Yoast SEO plugin v25.5 - https:\/\/yoast.com\/wordpress\/plugins\/seo\/ -->\n<title>Immobiliers - Toposervices CI<\/title>\n<meta name=\"robots\" content=\"index, follow, max-snippet:-1, max-image-preview:large, max-video-preview:-1\" \/>\n<link rel=\"canonical\" href=\"https:\/\/toposervices-ci.com\/index.php\/immobiliers\/\" \/>\n<meta property=\"og:locale\" content=\"fr_FR\" \/>\n<meta property=\"og:type\" content=\"article\" \/>\n<meta property=\"og:title\" content=\"Immobiliers - Toposervices CI\" \/>\n<meta property=\"og:description\" content=\"TOPOSERVICES propose un service immobilier fiable et complet en C\u00f4te d\u2019Ivoire, destin\u00e9 aux particuliers, entreprises et investisseurs. Gr\u00e2ce \u00e0 notre expertise en topographie et \u00e0 notre connaissance approfondie du march\u00e9 foncier, nous vous accompagnons dans la vente, l\u2019achat et la location de terrains et de biens immobiliers. Nos offres sont rigoureusement s\u00e9lectionn\u00e9es : terrains bien [&hellip;]\" \/>\n<meta property=\"og:url\" content=\"https:\/\/toposervices-ci.com\/index.php\/immobiliers\/\" \/>\n<meta property=\"og:site_name\" content=\"Toposervices CI\" \/>\n<meta property=\"article:modified_time\" content=\"2025-06-12T15:46:06+00:00\" \/>\n<meta name=\"twitter:card\" content=\"summary_large_image\" \/>\n<meta name=\"twitter:label1\" content=\"Dur\u00e9e de lecture estim\u00e9e\" \/>\n\t<meta name=\"twitter:data1\" content=\"1 minute\" \/>\n<script type=\"application\/ld+json\" class=\"yoast-schema-graph\">{\"@context\":\"https:\/\/schema.org\",\"@graph\":[{\"@type\":\"WebPage\",\"@id\":\"https:\/\/toposervices-ci.com\/index.php\/immobiliers\/\",\"url\":\"https:\/\/toposervices-ci.com\/index.php\/immobiliers\/\",\"name\":\"Immobiliers - Toposervices CI\",\"isPartOf\":{\"@id\":\"https:\/\/toposervices-ci.com\/#website\"},\"datePublished\":\"2025-06-09T18:42:31+00:00\",\"dateModified\":\"2025-06-12T15:46:06+00:00\",\"breadcrumb\":{\"@id\":\"https:\/\/toposervices-ci.com\/index.php\/immobiliers\/#breadcrumb\"},\"inLanguage\":\"fr-FR\",\"potentialAction\":[{\"@type\":\"ReadAction\",\"target\":[\"https:\/\/toposervices-ci.com\/index.php\/immobiliers\/\"]}]},{\"@type\":\"BreadcrumbList\",\"@id\":\"https:\/\/toposervices-ci.com\/index.php\/immobiliers\/#breadcrumb\",\"itemListElement\":[{\"@type\":\"ListItem\",\"position\":1,\"name\":\"Accueil\",\"item\":\"https:\/\/toposervices-ci.com\/\"},{\"@type\":\"ListItem\",\"position\":2,\"name\":\"Immobiliers\"}]},{\"@type\":\"WebSite\",\"@id\":\"https:\/\/toposervices-ci.com\/#website\",\"url\":\"https:\/\/toposervices-ci.com\/\",\"name\":\"Toposervices CI\",\"description\":\"\",\"publisher\":{\"@id\":\"https:\/\/toposervices-ci.com\/#organization\"},\"potentialAction\":[{\"@type\":\"SearchAction\",\"target\":{\"@type\":\"EntryPoint\",\"urlTemplate\":\"https:\/\/toposervices-ci.com\/?s={search_term_string}\"},\"query-input\":{\"@type\":\"PropertyValueSpecification\",\"valueRequired\":true,\"valueName\":\"search_term_string\"}}],\"inLanguage\":\"fr-FR\"},{\"@type\":\"Organization\",\"@id\":\"https:\/\/toposervices-ci.com\/#organization\",\"name\":\"Toposervices CI\",\"url\":\"https:\/\/toposervices-ci.com\/\",\"logo\":{\"@type\":\"ImageObject\",\"inLanguage\":\"fr-FR\",\"@id\":\"https:\/\/toposervices-ci.com\/#\/schema\/logo\/image\/\",\"url\":\"https:\/\/toposervices-ci.com\/wp-content\/uploads\/2025\/06\/cropped-Logo-toposervices.jpeg\",\"contentUrl\":\"https:\/\/toposervices-ci.com\/wp-content\/uploads\/2025\/06\/cropped-Logo-toposervices.jpeg\",\"width\":1424,\"height\":736,\"caption\":\"Toposervices CI\"},\"image\":{\"@id\":\"https:\/\/toposervices-ci.com\/#\/schema\/logo\/image\/\"}}]}<\/script>\n<!-- \/ Yoast SEO plugin. -->","yoast_head_json":{"title":"Immobiliers - Toposervices CI","robots":{"index":"index","follow":"follow","max-snippet":"max-snippet:-1","max-image-preview":"max-image-preview:large","max-video-preview":"max-video-preview:-1"},"canonical":"https:\/\/toposervices-ci.com\/index.php\/immobiliers\/","og_locale":"fr_FR","og_type":"article","og_title":"Immobiliers - Toposervices CI","og_description":"TOPOSERVICES propose un service immobilier fiable et complet en C\u00f4te d\u2019Ivoire, destin\u00e9 aux particuliers, entreprises et investisseurs. Gr\u00e2ce \u00e0 notre expertise en topographie et \u00e0 notre connaissance approfondie du march\u00e9 foncier, nous vous accompagnons dans la vente, l\u2019achat et la location de terrains et de biens immobiliers. Nos offres sont rigoureusement s\u00e9lectionn\u00e9es : terrains bien [&hellip;]","og_url":"https:\/\/toposervices-ci.com\/index.php\/immobiliers\/","og_site_name":"Toposervices CI","article_modified_time":"2025-06-12T15:46:06+00:00","twitter_card":"summary_large_image","twitter_misc":{"Dur\u00e9e de lecture estim\u00e9e":"1 minute"},"schema":{"@context":"https:\/\/schema.org","@graph":[{"@type":"WebPage","@id":"https:\/\/toposervices-ci.com\/index.php\/immobiliers\/","url":"https:\/\/toposervices-ci.com\/index.php\/immobiliers\/","name":"Immobiliers - Toposervices CI","isPartOf":{"@id":"https:\/\/toposervices-ci.com\/#website"},"datePublished":"2025-06-09T18:42:31+00:00","dateModified":"2025-06-12T15:46:06+00:00","breadcrumb":{"@id":"https:\/\/toposervices-ci.com\/index.php\/immobiliers\/#breadcrumb"},"inLanguage":"fr-FR","potentialAction":[{"@type":"ReadAction","target":["https:\/\/toposervices-ci.com\/index.php\/immobiliers\/"]}]},{"@type":"BreadcrumbList","@id":"https:\/\/toposervices-ci.com\/index.php\/immobiliers\/#breadcrumb","itemListElement":[{"@type":"ListItem","position":1,"name":"Accueil","item":"https:\/\/toposervices-ci.com\/"},{"@type":"ListItem","position":2,"name":"Immobiliers"}]},{"@type":"WebSite","@id":"https:\/\/toposervices-ci.com\/#website","url":"https:\/\/toposervices-ci.com\/","name":"Toposervices CI","description":"","publisher":{"@id":"https:\/\/toposervices-ci.com\/#organization"},"potentialAction":[{"@type":"SearchAction","target":{"@type":"EntryPoint","urlTemplate":"https:\/\/toposervices-ci.com\/?s={search_term_string}"},"query-input":{"@type":"PropertyValueSpecification","valueRequired":true,"valueName":"search_term_string"}}],"inLanguage":"fr-FR"},{"@type":"Organization","@id":"https:\/\/toposervices-ci.com\/#organization","name":"Toposervices CI","url":"https:\/\/toposervices-ci.com\/","logo":{"@type":"ImageObject","inLanguage":"fr-FR","@id":"https:\/\/toposervices-ci.com\/#\/schema\/logo\/image\/","url":"https:\/\/toposervices-ci.com\/wp-content\/uploads\/2025\/06\/cropped-Logo-toposervices.jpeg","contentUrl":"https:\/\/toposervices-ci.com\/wp-content\/uploads\/2025\/06\/cropped-Logo-toposervices.jpeg","width":1424,"height":736,"caption":"Toposervices CI"},"image":{"@id":"https:\/\/toposervices-ci.com\/#\/schema\/logo\/image\/"}}]}},"_links":{"self":[{"href":"https:\/\/toposervices-ci.com\/index.php\/wp-json\/wp\/v2\/pages\/22","targetHints":{"allow":["GET"]}}],"collection":[{"href":"https:\/\/toposervices-ci.com\/index.php\/wp-json\/wp\/v2\/pages"}],"about":[{"href":"https:\/\/toposervices-ci.com\/index.php\/wp-json\/wp\/v2\/types\/page"}],"author":[{"embeddable":true,"href":"https:\/\/toposervices-ci.com\/index.php\/wp-json\/wp\/v2\/users\/1"}],"replies":[{"embeddable":true,"href":"https:\/\/toposervices-ci.com\/index.php\/wp-json\/wp\/v2\/comments?post=22"}],"version-history":[{"count":7,"href":"https:\/\/toposervices-ci.com\/index.php\/wp-json\/wp\/v2\/pages\/22\/revisions"}],"predecessor-version":[{"id":479,"href":"https:\/\/toposervices-ci.com\/index.php\/wp-json\/wp\/v2\/pages\/22\/revisions\/479"}],"wp:attachment":[{"href":"https:\/\/toposervices-ci.com\/index.php\/wp-json\/wp\/v2\/media?parent=22"}],"curies":[{"name":"wp","href":"https:\/\/api.w.org\/{rel}","templated":true}]}}