{"id":24,"date":"2025-06-09T18:43:49","date_gmt":"2025-06-09T18:43:49","guid":{"rendered":"https:\/\/toposervices-ci.com\/?page_id=24"},"modified":"2025-06-12T16:09:28","modified_gmt":"2025-06-12T16:09:28","slug":"presentation","status":"publish","type":"page","link":"https:\/\/toposervices-ci.com\/index.php\/presentation\/","title":{"rendered":"Pr\u00e9sentation"},"content":{"rendered":"\t\t<div data-elementor-type=\"wp-page\" data-elementor-id=\"24\" class=\"elementor elementor-24\" data-elementor-post-type=\"page\">\n\t\t\t\t\t\t<section class=\"elementor-section elementor-top-section elementor-element elementor-element-4e0ed93e elementor-section-boxed elementor-section-height-default elementor-section-height-default\" data-id=\"4e0ed93e\" data-element_type=\"section\" data-settings=\"{&quot;background_background&quot;:&quot;classic&quot;}\">\n\t\t\t\t\t\t\t<div class=\"elementor-background-overlay\"><\/div>\n\t\t\t\t\t\t\t<div class=\"elementor-container elementor-column-gap-default\">\n\t\t\t\t\t<div class=\"elementor-column elementor-col-100 elementor-top-column elementor-element elementor-element-49b4c78d\" data-id=\"49b4c78d\" data-element_type=\"column\">\n\t\t\t<div class=\"elementor-widget-wrap elementor-element-populated\">\n\t\t\t\t\t\t<div class=\"elementor-element elementor-element-8ec659e elementor-widget elementor-widget-breadcrumbs\" data-id=\"8ec659e\" data-element_type=\"widget\" data-widget_type=\"breadcrumbs.default\">\n\t\t\t\t<div class=\"elementor-widget-container\">\n\t\t\t\t\t<p id=\"breadcrumbs\"><span><span><a href=\"https:\/\/toposervices-ci.com\/\">Accueil<\/a><\/span><\/span><\/p>\t\t\t\t<\/div>\n\t\t\t\t<\/div>\n\t\t\t\t\t<\/div>\n\t\t<\/div>\n\t\t\t\t\t<\/div>\n\t\t<\/section>\n\t\t\t\t<section class=\"elementor-section elementor-top-section elementor-element elementor-element-7164add4 elementor-section-boxed elementor-section-height-default elementor-section-height-default\" data-id=\"7164add4\" data-element_type=\"section\">\n\t\t\t\t\t\t<div class=\"elementor-container elementor-column-gap-default\">\n\t\t\t\t\t<div class=\"elementor-column elementor-col-100 elementor-top-column elementor-element elementor-element-2213f5e5\" data-id=\"2213f5e5\" data-element_type=\"column\" data-settings=\"{&quot;background_background&quot;:&quot;classic&quot;}\">\n\t\t\t<div class=\"elementor-widget-wrap elementor-element-populated\">\n\t\t\t\t\t\t<div class=\"elementor-element elementor-element-0fd21df elementor-widget elementor-widget-text-editor\" data-id=\"0fd21df\" data-element_type=\"widget\" data-widget_type=\"text-editor.default\">\n\t\t\t\t<div class=\"elementor-widget-container\">\n\t\t\t\t\t\t\t\t\t<p><strong>TOPOSERVICES<\/strong>\u00a0est une entreprise de prestation de services sp\u00e9cialis\u00e9e dans les travaux de Topographies, b\u00e2timents, Travaux publics, vente de terrain et immobiliers, dans la vente et la location d\u2019\u00e9quipements de Topographies. Notre firme fait non seulement la maintenance des \u00e9quipements topographiques mais aussi le tirage de Plan Grand Format.<\/p><p><strong>TOPOSERVICES\u00a0<\/strong>se d\u00e9finit \u00e9galement comme une structure de topographie efficace pour un service de qualit\u00e9 sup\u00e9rieure.<\/p><p><strong>TOPOSERVICES<\/strong>\u00a0d\u00e9veloppe en son sein une expertise en termes de Travaux topographiques pour satisfaire tous les r\u00eaves de ses clients.<\/p><p><strong>TOPOSERVICES<\/strong>\u00a0: un ensemble de savoir-faire, fruit de plus 6 ans d\u2019exp\u00e9riences \u00e0 votre service, pour vous accompagner sur vos chantiers.<\/p><h2><span style=\"text-decoration: underline;\"><span style=\"color: #ff6600; text-decoration: underline;\">ORIGINE<\/span><\/span><\/h2><p><strong>TOPOSERVICES<\/strong>\u00a0est une soci\u00e9t\u00e9 de droit ivoirien, bas\u00e9e \u00e0 Abidjan pr\u00e9cis\u00e9ment \u00e0 Yopougon Bel Air et \u00e0 Angr\u00e9. Elle est la mat\u00e9rialisation des r\u00eaves d\u2019un jeune dipl\u00f4m\u00e9 de l\u2019Institut National Polytechnique \u2013 Houphouet Boigny de Yamoussoukro (INP \u2013HB), apr\u00e8s avoir acquis assez d\u2019exp\u00e9riences dans de grosses firmes telles que BOLLORE.<\/p><p>Elle comprend plusieurs d\u00e9partements et services :<\/p><ul><li>La direction g\u00e9n\u00e9rale ;<\/li><li>Le d\u00e9partement des affaires administratives et financi\u00e8res(DAAF) ;<\/li><li>Le d\u00e9partement travaux<\/li><li>Le d\u00e9partement commercial\u00a0;<\/li><li>D\u00e9partement terrain et immobiliers<\/li><li>Et le secr\u00e9tariat.<\/li><\/ul>\t\t\t\t\t\t\t\t<\/div>\n\t\t\t\t<\/div>\n\t\t\t\t\t<\/div>\n\t\t<\/div>\n\t\t\t\t\t<\/div>\n\t\t<\/section>\n\t\t\t\t<section class=\"elementor-section elementor-top-section elementor-element elementor-element-76ab746 elementor-section-boxed elementor-section-height-default elementor-section-height-default\" data-id=\"76ab746\" data-element_type=\"section\" data-settings=\"{&quot;background_background&quot;:&quot;classic&quot;}\">\n\t\t\t\t\t\t\t<div class=\"elementor-background-overlay\"><\/div>\n\t\t\t\t\t\t\t<div class=\"elementor-container elementor-column-gap-default\">\n\t\t\t\t\t<div class=\"elementor-column elementor-col-100 elementor-top-column elementor-element elementor-element-7e781d0\" data-id=\"7e781d0\" data-element_type=\"column\">\n\t\t\t<div class=\"elementor-widget-wrap elementor-element-populated\">\n\t\t\t\t\t\t<div class=\"elementor-element elementor-element-75b5ab7 elementor-widget elementor-widget-heading\" data-id=\"75b5ab7\" data-element_type=\"widget\" data-widget_type=\"heading.default\">\n\t\t\t\t<div class=\"elementor-widget-container\">\n\t\t\t\t\t<h2 class=\"elementor-heading-title elementor-size-default\">NOS POINTS FORTS<\/h2>\t\t\t\t<\/div>\n\t\t\t\t<\/div>\n\t\t\t\t<div class=\"elementor-element elementor-element-dfc3a8a elementor-widget elementor-widget-text-editor\" data-id=\"dfc3a8a\" data-element_type=\"widget\" data-widget_type=\"text-editor.default\">\n\t\t\t\t<div class=\"elementor-widget-container\">\n\t\t\t\t\t\t\t\t\t<p class=\"who\">Nous anticipons les besoins de nos clients par la proposition de solutions adapt\u00e9es \u00e0 vos besoins. Toujours \u00e0 la recherche de l\u2019excellence,\u00a0<strong>TOPOSERVICES<\/strong>\u00a0dispose d\u2019une \u00e9quipe r\u00e9active toute l\u2019ann\u00e9e, pr\u00eate \u00e0 intervenir sur l\u2019ensemble du territoire et \u00e0 l\u2019\u00e9tranger, un d\u00e9partements travaux performant, et une interlocutrice d\u00e9di\u00e9e au service de nos clients. \u00a0Nous mettons \u00e0 la disposition de notre client\u00e8le, notre professionnalisme et nous engageons sur :<\/p><ul class=\"who\"><li>La garantie d\u2019une qualit\u00e9 de service\u00a0: Des avantages exclusifs et une s\u00e9lection d\u2019offres n\u00e9goci\u00e9es parmi plusieurs marques dont\u00a0<strong>STONEX\u00a0<\/strong>notre partenaire l\u00e9gal\u00a0;<\/li><li>L\u2019Accompagnement de tous les instants : Des experts \u00e0 votre disposition pour vous accompagner sur vos chantiers\u00a0;<\/li><li>Des tarifs tr\u00e8s pr\u00e9f\u00e9rentiels\u00a0;<\/li><li>L\u2019efficacit\u00e9, la rapidit\u00e9 et la rigueur dans l\u2019exercice de nos prestations ;<\/li><li>La Richesses d\u2019un savoir-faire depuis 2012.<\/li><\/ul>\t\t\t\t\t\t\t\t<\/div>\n\t\t\t\t<\/div>\n\t\t\t\t<div class=\"elementor-element elementor-element-27b2299 elementor-widget elementor-widget-text-editor\" data-id=\"27b2299\" data-element_type=\"widget\" data-widget_type=\"text-editor.default\">\n\t\t\t\t<div class=\"elementor-widget-container\">\n\t\t\t\t\t\t\t\t\t<p>Toposervices dispose de mat\u00e9riels de derni\u00e8re g\u00e9n\u00e9ration et de personnel chevronn\u00e9, Ce qui nous garantie d\u2019excellents r\u00e9sultats dans le d\u00e9lai. La confiance est au c\u0153ur de nos affaires.<\/p>\t\t\t\t\t\t\t\t<\/div>\n\t\t\t\t<\/div>\n\t\t\t\t\t<\/div>\n\t\t<\/div>\n\t\t\t\t\t<\/div>\n\t\t<\/section>\n\t\t\t\t<section class=\"elementor-section elementor-top-section elementor-element elementor-element-e1b903a elementor-section-boxed elementor-section-height-default elementor-section-height-default\" data-id=\"e1b903a\" data-element_type=\"section\">\n\t\t\t\t\t\t<div class=\"elementor-container elementor-column-gap-default\">\n\t\t\t\t\t<div class=\"elementor-column elementor-col-33 elementor-top-column elementor-element elementor-element-e3b1f87\" data-id=\"e3b1f87\" data-element_type=\"column\" data-settings=\"{&quot;background_background&quot;:&quot;classic&quot;}\">\n\t\t\t<div class=\"elementor-widget-wrap elementor-element-populated\">\n\t\t\t\t\t\t<div class=\"elementor-element elementor-element-af30388 elementor-view-default elementor-widget elementor-widget-icon\" data-id=\"af30388\" data-element_type=\"widget\" data-widget_type=\"icon.default\">\n\t\t\t\t<div class=\"elementor-widget-container\">\n\t\t\t\t\t\t\t<div class=\"elementor-icon-wrapper\">\n\t\t\t<div class=\"elementor-icon\">\n\t\t\t<i aria-hidden=\"true\" class=\"icon icon-idea1\"><\/i>\t\t\t<\/div>\n\t\t<\/div>\n\t\t\t\t\t\t<\/div>\n\t\t\t\t<\/div>\n\t\t\t\t<div class=\"elementor-element elementor-element-3214e71 elementor-widget elementor-widget-heading\" data-id=\"3214e71\" data-element_type=\"widget\" data-widget_type=\"heading.default\">\n\t\t\t\t<div class=\"elementor-widget-container\">\n\t\t\t\t\t<h2 class=\"elementor-heading-title elementor-size-default\">NOS INNOVATIONS<\/h2>\t\t\t\t<\/div>\n\t\t\t\t<\/div>\n\t\t\t\t<div class=\"elementor-element elementor-element-ae3009e elementor-widget elementor-widget-text-editor\" data-id=\"ae3009e\" data-element_type=\"widget\" data-widget_type=\"text-editor.default\">\n\t\t\t\t<div class=\"elementor-widget-container\">\n\t\t\t\t\t\t\t\t\t<p>Ayant une vision orient\u00e9e vers l\u2019avenir avec la qu\u00eate perp\u00e9tuelle d\u2019id\u00e9e novatrice,\u00a0<strong>TOPOSERVICES<\/strong>\u00a0se satisfait d\u2019ajouter \u00e0 ses services traditionnels :<\/p><ul><li>Des ordinateurs \u00e9quip\u00e9s de logiciels sp\u00e9ciaux de maintenance pour appareil\u00a0;<\/li><li>Des collimateurs \u00e0 double tube\u00a0;<\/li><li>Une mobilit\u00e9\u00a0des services \u00e0 travers des v\u00e9hicules de types(4\u00d74) tout terrain pour \u00eatre plus proche de nos clients ;<\/li><li>Une tr\u00e8s grande flexibilit\u00e9 dans le rapport qualit\u00e9\/ prix .<\/li><\/ul>\t\t\t\t\t\t\t\t<\/div>\n\t\t\t\t<\/div>\n\t\t\t\t\t<\/div>\n\t\t<\/div>\n\t\t\t\t<div class=\"elementor-column elementor-col-33 elementor-top-column elementor-element elementor-element-daf2c7d\" data-id=\"daf2c7d\" data-element_type=\"column\" data-settings=\"{&quot;background_background&quot;:&quot;classic&quot;}\">\n\t\t\t<div class=\"elementor-widget-wrap elementor-element-populated\">\n\t\t\t\t\t\t<div class=\"elementor-element elementor-element-cfdf88d elementor-view-default elementor-widget elementor-widget-icon\" data-id=\"cfdf88d\" data-element_type=\"widget\" data-widget_type=\"icon.default\">\n\t\t\t\t<div class=\"elementor-widget-container\">\n\t\t\t\t\t\t\t<div class=\"elementor-icon-wrapper\">\n\t\t\t<div class=\"elementor-icon\">\n\t\t\t<svg aria-hidden=\"true\" class=\"e-font-icon-svg e-fas-users\" viewBox=\"0 0 640 512\" xmlns=\"http:\/\/www.w3.org\/2000\/svg\"><path d=\"M96 224c35.3 0 64-28.7 64-64s-28.7-64-64-64-64 28.7-64 64 28.7 64 64 64zm448 0c35.3 0 64-28.7 64-64s-28.7-64-64-64-64 28.7-64 64 28.7 64 64 64zm32 32h-64c-17.6 0-33.5 7.1-45.1 18.6 40.3 22.1 68.9 62 75.1 109.4h66c17.7 0 32-14.3 32-32v-32c0-35.3-28.7-64-64-64zm-256 0c61.9 0 112-50.1 112-112S381.9 32 320 32 208 82.1 208 144s50.1 112 112 112zm76.8 32h-8.3c-20.8 10-43.9 16-68.5 16s-47.6-6-68.5-16h-8.3C179.6 288 128 339.6 128 403.2V432c0 26.5 21.5 48 48 48h288c26.5 0 48-21.5 48-48v-28.8c0-63.6-51.6-115.2-115.2-115.2zm-223.7-13.4C161.5 263.1 145.6 256 128 256H64c-35.3 0-64 28.7-64 64v32c0 17.7 14.3 32 32 32h65.9c6.3-47.4 34.9-87.3 75.2-109.4z\"><\/path><\/svg>\t\t\t<\/div>\n\t\t<\/div>\n\t\t\t\t\t\t<\/div>\n\t\t\t\t<\/div>\n\t\t\t\t<div class=\"elementor-element elementor-element-17f443f elementor-widget elementor-widget-heading\" data-id=\"17f443f\" data-element_type=\"widget\" data-widget_type=\"heading.default\">\n\t\t\t\t<div class=\"elementor-widget-container\">\n\t\t\t\t\t<h2 class=\"elementor-heading-title elementor-size-default\">NOTRE PERSONNEL<\/h2>\t\t\t\t<\/div>\n\t\t\t\t<\/div>\n\t\t\t\t<div class=\"elementor-element elementor-element-1c6f743 elementor-widget elementor-widget-text-editor\" data-id=\"1c6f743\" data-element_type=\"widget\" data-widget_type=\"text-editor.default\">\n\t\t\t\t<div class=\"elementor-widget-container\">\n\t\t\t\t\t\t\t\t\t<p><strong>TOPOSERVICES<\/strong>\u00a0emploie plus 15 personnes directes et concentre ses efforts au recrutement des ressources humaines qualifi\u00e9es et comp\u00e9tentes pour le bonheur de ses clients.<\/p><p>Nous sommes une \u00e9quipe jeune et dynamique qui est constitu\u00e9e des personnes tr\u00e8s innovatrices, endurantes et motiv\u00e9es. Tous des professionnels avertis dans leur domaine d\u2019intervention.<\/p>\t\t\t\t\t\t\t\t<\/div>\n\t\t\t\t<\/div>\n\t\t\t\t\t<\/div>\n\t\t<\/div>\n\t\t\t\t<div class=\"elementor-column elementor-col-33 elementor-top-column elementor-element elementor-element-9dccdb0\" data-id=\"9dccdb0\" data-element_type=\"column\" data-settings=\"{&quot;background_background&quot;:&quot;classic&quot;}\">\n\t\t\t<div class=\"elementor-widget-wrap elementor-element-populated\">\n\t\t\t\t\t\t<div class=\"elementor-element elementor-element-9157e5b elementor-view-default elementor-widget elementor-widget-icon\" data-id=\"9157e5b\" data-element_type=\"widget\" data-widget_type=\"icon.default\">\n\t\t\t\t<div class=\"elementor-widget-container\">\n\t\t\t\t\t\t\t<div class=\"elementor-icon-wrapper\">\n\t\t\t<div class=\"elementor-icon\">\n\t\t\t<i aria-hidden=\"true\" class=\"icon icon-target-2\"><\/i>\t\t\t<\/div>\n\t\t<\/div>\n\t\t\t\t\t\t<\/div>\n\t\t\t\t<\/div>\n\t\t\t\t<div class=\"elementor-element elementor-element-a473e67 elementor-widget elementor-widget-heading\" data-id=\"a473e67\" data-element_type=\"widget\" data-widget_type=\"heading.default\">\n\t\t\t\t<div class=\"elementor-widget-container\">\n\t\t\t\t\t<h2 class=\"elementor-heading-title elementor-size-default\">NOS D\u00c9FIS<\/h2>\t\t\t\t<\/div>\n\t\t\t\t<\/div>\n\t\t\t\t<div class=\"elementor-element elementor-element-10386e5 elementor-widget elementor-widget-text-editor\" data-id=\"10386e5\" data-element_type=\"widget\" data-widget_type=\"text-editor.default\">\n\t\t\t\t<div class=\"elementor-widget-container\">\n\t\t\t\t\t\t\t\t\t<p><strong>TOPOSERVICES<\/strong>\u00a0se doit d\u2019\u00eatre toujours \u00e0 la recherche de l\u2019excellence pour \u00eatre \u00e0 la hauteur des attentes de ses clients. Trouver des march\u00e9s et les r\u00e9aliser avec perfection afin de satisfaire le client par la qualit\u00e9 du service constitue pour\u00a0<strong>TOPOSERVICES<\/strong>\u00a0des d\u00e9fis non moins n\u00e9gligeables. \u00c9largir \u00e9galement notre portefeuilles clients et atteindre nos objectifs.<\/p>\t\t\t\t\t\t\t\t<\/div>\n\t\t\t\t<\/div>\n\t\t\t\t\t<\/div>\n\t\t<\/div>\n\t\t\t\t\t<\/div>\n\t\t<\/section>\n\t\t\t\t<\/div>\n\t\t","protected":false},"excerpt":{"rendered":"<p>TOPOSERVICES\u00a0est une entreprise de prestation de services sp\u00e9cialis\u00e9e dans les travaux de Topographies, b\u00e2timents, Travaux publics, vente de terrain et immobiliers, dans la vente et la location d\u2019\u00e9quipements de Topographies. Notre firme fait non seulement la maintenance des \u00e9quipements topographiques mais aussi le tirage de Plan Grand Format. TOPOSERVICES\u00a0se d\u00e9finit \u00e9galement comme une structure de [&hellip;]<\/p>\n","protected":false},"author":1,"featured_media":0,"parent":0,"menu_order":0,"comment_status":"closed","ping_status":"closed","template":"elementor_header_footer","meta":{"footnotes":""},"class_list":["post-24","page","type-page","status-publish","hentry"],"yoast_head":"<!-- This site is optimized with the Yoast SEO plugin v25.5 - https:\/\/yoast.com\/wordpress\/plugins\/seo\/ -->\n<title>Pr\u00e9sentation - Toposervices CI<\/title>\n<meta name=\"robots\" content=\"index, follow, max-snippet:-1, max-image-preview:large, max-video-preview:-1\" \/>\n<link rel=\"canonical\" href=\"https:\/\/toposervices-ci.com\/index.php\/presentation\/\" \/>\n<meta property=\"og:locale\" content=\"fr_FR\" \/>\n<meta property=\"og:type\" content=\"article\" \/>\n<meta property=\"og:title\" content=\"Pr\u00e9sentation - Toposervices CI\" \/>\n<meta property=\"og:description\" content=\"TOPOSERVICES\u00a0est une entreprise de prestation de services sp\u00e9cialis\u00e9e dans les travaux de Topographies, b\u00e2timents, Travaux publics, vente de terrain et immobiliers, dans la vente et la location d\u2019\u00e9quipements de Topographies. Notre firme fait non seulement la maintenance des \u00e9quipements topographiques mais aussi le tirage de Plan Grand Format. TOPOSERVICES\u00a0se d\u00e9finit \u00e9galement comme une structure de [&hellip;]\" \/>\n<meta property=\"og:url\" content=\"https:\/\/toposervices-ci.com\/index.php\/presentation\/\" \/>\n<meta property=\"og:site_name\" content=\"Toposervices CI\" \/>\n<meta property=\"article:modified_time\" content=\"2025-06-12T16:09:28+00:00\" \/>\n<meta name=\"twitter:card\" content=\"summary_large_image\" \/>\n<meta name=\"twitter:label1\" content=\"Dur\u00e9e de lecture estim\u00e9e\" \/>\n\t<meta name=\"twitter:data1\" content=\"3 minutes\" \/>\n<script type=\"application\/ld+json\" class=\"yoast-schema-graph\">{\"@context\":\"https:\/\/schema.org\",\"@graph\":[{\"@type\":\"WebPage\",\"@id\":\"https:\/\/toposervices-ci.com\/index.php\/presentation\/\",\"url\":\"https:\/\/toposervices-ci.com\/index.php\/presentation\/\",\"name\":\"Pr\u00e9sentation - Toposervices CI\",\"isPartOf\":{\"@id\":\"https:\/\/toposervices-ci.com\/#website\"},\"datePublished\":\"2025-06-09T18:43:49+00:00\",\"dateModified\":\"2025-06-12T16:09:28+00:00\",\"breadcrumb\":{\"@id\":\"https:\/\/toposervices-ci.com\/index.php\/presentation\/#breadcrumb\"},\"inLanguage\":\"fr-FR\",\"potentialAction\":[{\"@type\":\"ReadAction\",\"target\":[\"https:\/\/toposervices-ci.com\/index.php\/presentation\/\"]}]},{\"@type\":\"BreadcrumbList\",\"@id\":\"https:\/\/toposervices-ci.com\/index.php\/presentation\/#breadcrumb\",\"itemListElement\":[{\"@type\":\"ListItem\",\"position\":1,\"name\":\"Accueil\",\"item\":\"https:\/\/toposervices-ci.com\/\"},{\"@type\":\"ListItem\",\"position\":2,\"name\":\"Pr\u00e9sentation\"}]},{\"@type\":\"WebSite\",\"@id\":\"https:\/\/toposervices-ci.com\/#website\",\"url\":\"https:\/\/toposervices-ci.com\/\",\"name\":\"Toposervices CI\",\"description\":\"\",\"publisher\":{\"@id\":\"https:\/\/toposervices-ci.com\/#organization\"},\"potentialAction\":[{\"@type\":\"SearchAction\",\"target\":{\"@type\":\"EntryPoint\",\"urlTemplate\":\"https:\/\/toposervices-ci.com\/?s={search_term_string}\"},\"query-input\":{\"@type\":\"PropertyValueSpecification\",\"valueRequired\":true,\"valueName\":\"search_term_string\"}}],\"inLanguage\":\"fr-FR\"},{\"@type\":\"Organization\",\"@id\":\"https:\/\/toposervices-ci.com\/#organization\",\"name\":\"Toposervices CI\",\"url\":\"https:\/\/toposervices-ci.com\/\",\"logo\":{\"@type\":\"ImageObject\",\"inLanguage\":\"fr-FR\",\"@id\":\"https:\/\/toposervices-ci.com\/#\/schema\/logo\/image\/\",\"url\":\"https:\/\/toposervices-ci.com\/wp-content\/uploads\/2025\/06\/cropped-Logo-toposervices.jpeg\",\"contentUrl\":\"https:\/\/toposervices-ci.com\/wp-content\/uploads\/2025\/06\/cropped-Logo-toposervices.jpeg\",\"width\":1424,\"height\":736,\"caption\":\"Toposervices CI\"},\"image\":{\"@id\":\"https:\/\/toposervices-ci.com\/#\/schema\/logo\/image\/\"}}]}<\/script>\n<!-- \/ Yoast SEO plugin. -->","yoast_head_json":{"title":"Pr\u00e9sentation - Toposervices CI","robots":{"index":"index","follow":"follow","max-snippet":"max-snippet:-1","max-image-preview":"max-image-preview:large","max-video-preview":"max-video-preview:-1"},"canonical":"https:\/\/toposervices-ci.com\/index.php\/presentation\/","og_locale":"fr_FR","og_type":"article","og_title":"Pr\u00e9sentation - Toposervices CI","og_description":"TOPOSERVICES\u00a0est une entreprise de prestation de services sp\u00e9cialis\u00e9e dans les travaux de Topographies, b\u00e2timents, Travaux publics, vente de terrain et immobiliers, dans la vente et la location d\u2019\u00e9quipements de Topographies. Notre firme fait non seulement la maintenance des \u00e9quipements topographiques mais aussi le tirage de Plan Grand Format. TOPOSERVICES\u00a0se d\u00e9finit \u00e9galement comme une structure de [&hellip;]","og_url":"https:\/\/toposervices-ci.com\/index.php\/presentation\/","og_site_name":"Toposervices CI","article_modified_time":"2025-06-12T16:09:28+00:00","twitter_card":"summary_large_image","twitter_misc":{"Dur\u00e9e de lecture estim\u00e9e":"3 minutes"},"schema":{"@context":"https:\/\/schema.org","@graph":[{"@type":"WebPage","@id":"https:\/\/toposervices-ci.com\/index.php\/presentation\/","url":"https:\/\/toposervices-ci.com\/index.php\/presentation\/","name":"Pr\u00e9sentation - Toposervices CI","isPartOf":{"@id":"https:\/\/toposervices-ci.com\/#website"},"datePublished":"2025-06-09T18:43:49+00:00","dateModified":"2025-06-12T16:09:28+00:00","breadcrumb":{"@id":"https:\/\/toposervices-ci.com\/index.php\/presentation\/#breadcrumb"},"inLanguage":"fr-FR","potentialAction":[{"@type":"ReadAction","target":["https:\/\/toposervices-ci.com\/index.php\/presentation\/"]}]},{"@type":"BreadcrumbList","@id":"https:\/\/toposervices-ci.com\/index.php\/presentation\/#breadcrumb","itemListElement":[{"@type":"ListItem","position":1,"name":"Accueil","item":"https:\/\/toposervices-ci.com\/"},{"@type":"ListItem","position":2,"name":"Pr\u00e9sentation"}]},{"@type":"WebSite","@id":"https:\/\/toposervices-ci.com\/#website","url":"https:\/\/toposervices-ci.com\/","name":"Toposervices CI","description":"","publisher":{"@id":"https:\/\/toposervices-ci.com\/#organization"},"potentialAction":[{"@type":"SearchAction","target":{"@type":"EntryPoint","urlTemplate":"https:\/\/toposervices-ci.com\/?s={search_term_string}"},"query-input":{"@type":"PropertyValueSpecification","valueRequired":true,"valueName":"search_term_string"}}],"inLanguage":"fr-FR"},{"@type":"Organization","@id":"https:\/\/toposervices-ci.com\/#organization","name":"Toposervices CI","url":"https:\/\/toposervices-ci.com\/","logo":{"@type":"ImageObject","inLanguage":"fr-FR","@id":"https:\/\/toposervices-ci.com\/#\/schema\/logo\/image\/","url":"https:\/\/toposervices-ci.com\/wp-content\/uploads\/2025\/06\/cropped-Logo-toposervices.jpeg","contentUrl":"https:\/\/toposervices-ci.com\/wp-content\/uploads\/2025\/06\/cropped-Logo-toposervices.jpeg","width":1424,"height":736,"caption":"Toposervices CI"},"image":{"@id":"https:\/\/toposervices-ci.com\/#\/schema\/logo\/image\/"}}]}},"_links":{"self":[{"href":"https:\/\/toposervices-ci.com\/index.php\/wp-json\/wp\/v2\/pages\/24","targetHints":{"allow":["GET"]}}],"collection":[{"href":"https:\/\/toposervices-ci.com\/index.php\/wp-json\/wp\/v2\/pages"}],"about":[{"href":"https:\/\/toposervices-ci.com\/index.php\/wp-json\/wp\/v2\/types\/page"}],"author":[{"embeddable":true,"href":"https:\/\/toposervices-ci.com\/index.php\/wp-json\/wp\/v2\/users\/1"}],"replies":[{"embeddable":true,"href":"https:\/\/toposervices-ci.com\/index.php\/wp-json\/wp\/v2\/comments?post=24"}],"version-history":[{"count":13,"href":"https:\/\/toposervices-ci.com\/index.php\/wp-json\/wp\/v2\/pages\/24\/revisions"}],"predecessor-version":[{"id":490,"href":"https:\/\/toposervices-ci.com\/index.php\/wp-json\/wp\/v2\/pages\/24\/revisions\/490"}],"wp:attachment":[{"href":"https:\/\/toposervices-ci.com\/index.php\/wp-json\/wp\/v2\/media?parent=24"}],"curies":[{"name":"wp","href":"https:\/\/api.w.org\/{rel}","templated":true}]}}