{"id":30,"date":"2025-06-09T18:49:47","date_gmt":"2025-06-09T18:49:47","guid":{"rendered":"https:\/\/toposervices-ci.com\/?page_id=30"},"modified":"2025-06-12T16:41:03","modified_gmt":"2025-06-12T16:41:03","slug":"notre-histoire","status":"publish","type":"page","link":"https:\/\/toposervices-ci.com\/index.php\/presentation\/notre-histoire\/","title":{"rendered":"Notre histoire"},"content":{"rendered":"\t\t<div data-elementor-type=\"wp-page\" data-elementor-id=\"30\" class=\"elementor elementor-30\" data-elementor-post-type=\"page\">\n\t\t\t\t\t\t<section class=\"elementor-section elementor-top-section elementor-element elementor-element-70657bb4 elementor-section-boxed elementor-section-height-default elementor-section-height-default\" data-id=\"70657bb4\" data-element_type=\"section\" data-settings=\"{&quot;background_background&quot;:&quot;classic&quot;}\">\n\t\t\t\t\t\t\t<div class=\"elementor-background-overlay\"><\/div>\n\t\t\t\t\t\t\t<div class=\"elementor-container elementor-column-gap-default\">\n\t\t\t\t\t<div class=\"elementor-column elementor-col-100 elementor-top-column elementor-element elementor-element-7f229c89\" data-id=\"7f229c89\" data-element_type=\"column\">\n\t\t\t<div class=\"elementor-widget-wrap elementor-element-populated\">\n\t\t\t\t\t\t<div class=\"elementor-element elementor-element-3448558e elementor-widget elementor-widget-breadcrumbs\" data-id=\"3448558e\" data-element_type=\"widget\" data-widget_type=\"breadcrumbs.default\">\n\t\t\t\t<div class=\"elementor-widget-container\">\n\t\t\t\t\t<p id=\"breadcrumbs\"><span><span><a href=\"https:\/\/toposervices-ci.com\/\">Accueil<\/a><\/span><\/span><\/p>\t\t\t\t<\/div>\n\t\t\t\t<\/div>\n\t\t\t\t\t<\/div>\n\t\t<\/div>\n\t\t\t\t\t<\/div>\n\t\t<\/section>\n\t\t\t\t<section class=\"elementor-section elementor-top-section elementor-element elementor-element-d6dabe6 elementor-section-boxed elementor-section-height-default elementor-section-height-default\" data-id=\"d6dabe6\" data-element_type=\"section\">\n\t\t\t\t\t\t<div class=\"elementor-container elementor-column-gap-default\">\n\t\t\t\t\t<div class=\"elementor-column elementor-col-100 elementor-top-column elementor-element elementor-element-4069abb0\" data-id=\"4069abb0\" data-element_type=\"column\" data-settings=\"{&quot;background_background&quot;:&quot;classic&quot;}\">\n\t\t\t<div class=\"elementor-widget-wrap elementor-element-populated\">\n\t\t\t\t\t\t<div class=\"elementor-element elementor-element-f2558fc elementor-widget elementor-widget-text-editor\" data-id=\"f2558fc\" data-element_type=\"widget\" data-widget_type=\"text-editor.default\">\n\t\t\t\t<div class=\"elementor-widget-container\">\n\t\t\t\t\t\t\t\t\t<p><strong>Employ\u00e9 \u00e0 la SITARAIL<\/strong>, le directeur g\u00e9n\u00e9ral-Fondateur a commenc\u00e9 ses activit\u00e9s par la location d\u2019\u00e9quipement topographiques. Ainsi l\u2019app\u00e9tit venant en mangeant, le directeur d\u00e9cide de se d\u00e9sengager de son employeur pour cr\u00e9er sa propre structure. D\u00e8s lors <strong>en 2012<\/strong>,\u00a0<strong>TOPOSERVICES<\/strong> est cr\u00e9\u00e9e.<\/p><p><strong>TOPOSERVICES<\/strong>\u00a0se veut une entreprise qui va r\u00e9pondre sur place aux besoins imm\u00e9diat des clients en ajoutant \u00e0 ses services traditionnels,<strong> la Vente et la Fourniture d\u2019Equipements Topographiques, ensuite le Tirage Grand Format et derni\u00e8rement la maintenance d\u2019\u00e9quipement topographique<\/strong>.<\/p><p>Elle devait \u00eatre aussi capable \u00e0 r\u00e9pondre aux besoins de prestation de service pour des travaux pour lesquelles les comp\u00e9tences technologiques locales pouvaient \u00eatre d\u00e9velopp\u00e9es \u00e0 partir de transferts de technologies avec des partenariats ext\u00e9rieurs profitables, comme celui sign\u00e9 avec <strong>STONEX<\/strong>\u00a0\u00e0 travers\u00a0<strong>GEO SCIENCE<\/strong>. Ainsi donc, ayant mis une organisation et un management moderne et efficace avec des moyens assez modeste,\u00a0<strong>TOPOSERVICES<\/strong> s\u2019est affranchit et va vite conqu\u00e9rir des parts de march\u00e9s importantes dans la topographie et acqu\u00e9rir la confiance sans failles de ses diff\u00e9rents partenaires et clients par la rigueur et l\u2019expertise test\u00e9e et prouv\u00e9e de ses ing\u00e9nieurs et techniciens hautement qualifi\u00e9s et exp\u00e9riment\u00e9s.<\/p><p>Respectant les d\u00e9lais dans toutes ses prestations,\u00a0<strong>TOPOSERVICES<\/strong>\u00a0fait partie aujourd\u2019hui des entreprises de r\u00e9f\u00e9rences qui ont su d\u00e9velopp\u00e9 un label d\u2019ing\u00e9nierie reconnu et appr\u00e9ci\u00e9 par les compagnies et institutions avec lesquelles elle travaille.\u00a0<strong>TOPOSERVICES<\/strong>\u00a0prendra toujours soins de vos demandes et vous satisfera de ses prestations dans les co\u00fbts, les d\u00e9lais, la qualit\u00e9, les normes et r\u00e9glementations en vigueur fond\u00e9s sur la confiance.<\/p><div class=\"gmail_default\">Avec un effectif de 20 personnes, elle comprends plusieurs\u00a0<span class=\"il\">services dont :<\/span><\/div><ul><li class=\"gmail_default\"><strong>DIRECTION G\u00c9N\u00c9RALE;<\/strong><\/li><li class=\"gmail_default\"><strong><span class=\"il\">SERVICES<\/span> LOCATION ET IMPRESSION;<\/strong><\/li><li class=\"gmail_default\"><strong>RESSOURCE HUMAINE ET COMPTABILIT\u00c9;<\/strong><\/li><li class=\"gmail_default\"><strong>SERVICE TECHNIQUE;<\/strong><\/li><li class=\"gmail_default\"><strong>SECR\u00c9TARIAT;<\/strong><\/li><li class=\"gmail_default\"><strong>SERVICE VENTE;<\/strong><\/li><li class=\"gmail_default\"><strong>SERVICE APR\u00c8S\u00a0VENTE.<\/strong><\/li><\/ul>\t\t\t\t\t\t\t\t<\/div>\n\t\t\t\t<\/div>\n\t\t\t\t\t<\/div>\n\t\t<\/div>\n\t\t\t\t\t<\/div>\n\t\t<\/section>\n\t\t\t\t<\/div>\n\t\t","protected":false},"excerpt":{"rendered":"<p>Employ\u00e9 \u00e0 la SITARAIL, le directeur g\u00e9n\u00e9ral-Fondateur a commenc\u00e9 ses activit\u00e9s par la location d\u2019\u00e9quipement topographiques. Ainsi l\u2019app\u00e9tit venant en mangeant, le directeur d\u00e9cide de se d\u00e9sengager de son employeur pour cr\u00e9er sa propre structure. D\u00e8s lors en 2012,\u00a0TOPOSERVICES est cr\u00e9\u00e9e. TOPOSERVICES\u00a0se veut une entreprise qui va r\u00e9pondre sur place aux besoins imm\u00e9diat des clients [&hellip;]<\/p>\n","protected":false},"author":1,"featured_media":0,"parent":24,"menu_order":0,"comment_status":"closed","ping_status":"closed","template":"elementor_header_footer","meta":{"footnotes":""},"class_list":["post-30","page","type-page","status-publish","hentry"],"yoast_head":"<!-- This site is optimized with the Yoast SEO plugin v25.5 - https:\/\/yoast.com\/wordpress\/plugins\/seo\/ -->\n<title>Notre histoire - Toposervices CI<\/title>\n<meta name=\"robots\" content=\"index, follow, max-snippet:-1, max-image-preview:large, max-video-preview:-1\" \/>\n<link rel=\"canonical\" href=\"https:\/\/toposervices-ci.com\/index.php\/presentation\/notre-histoire\/\" \/>\n<meta property=\"og:locale\" content=\"fr_FR\" \/>\n<meta property=\"og:type\" content=\"article\" \/>\n<meta property=\"og:title\" content=\"Notre histoire - Toposervices CI\" \/>\n<meta property=\"og:description\" content=\"Employ\u00e9 \u00e0 la SITARAIL, le directeur g\u00e9n\u00e9ral-Fondateur a commenc\u00e9 ses activit\u00e9s par la location d\u2019\u00e9quipement topographiques. Ainsi l\u2019app\u00e9tit venant en mangeant, le directeur d\u00e9cide de se d\u00e9sengager de son employeur pour cr\u00e9er sa propre structure. D\u00e8s lors en 2012,\u00a0TOPOSERVICES est cr\u00e9\u00e9e. TOPOSERVICES\u00a0se veut une entreprise qui va r\u00e9pondre sur place aux besoins imm\u00e9diat des clients [&hellip;]\" \/>\n<meta property=\"og:url\" content=\"https:\/\/toposervices-ci.com\/index.php\/presentation\/notre-histoire\/\" \/>\n<meta property=\"og:site_name\" content=\"Toposervices CI\" \/>\n<meta property=\"article:modified_time\" content=\"2025-06-12T16:41:03+00:00\" \/>\n<meta name=\"twitter:card\" content=\"summary_large_image\" \/>\n<meta name=\"twitter:label1\" content=\"Dur\u00e9e de lecture estim\u00e9e\" \/>\n\t<meta name=\"twitter:data1\" content=\"2 minutes\" \/>\n<script type=\"application\/ld+json\" class=\"yoast-schema-graph\">{\"@context\":\"https:\/\/schema.org\",\"@graph\":[{\"@type\":\"WebPage\",\"@id\":\"https:\/\/toposervices-ci.com\/index.php\/presentation\/notre-histoire\/\",\"url\":\"https:\/\/toposervices-ci.com\/index.php\/presentation\/notre-histoire\/\",\"name\":\"Notre histoire - Toposervices CI\",\"isPartOf\":{\"@id\":\"https:\/\/toposervices-ci.com\/#website\"},\"datePublished\":\"2025-06-09T18:49:47+00:00\",\"dateModified\":\"2025-06-12T16:41:03+00:00\",\"breadcrumb\":{\"@id\":\"https:\/\/toposervices-ci.com\/index.php\/presentation\/notre-histoire\/#breadcrumb\"},\"inLanguage\":\"fr-FR\",\"potentialAction\":[{\"@type\":\"ReadAction\",\"target\":[\"https:\/\/toposervices-ci.com\/index.php\/presentation\/notre-histoire\/\"]}]},{\"@type\":\"BreadcrumbList\",\"@id\":\"https:\/\/toposervices-ci.com\/index.php\/presentation\/notre-histoire\/#breadcrumb\",\"itemListElement\":[{\"@type\":\"ListItem\",\"position\":1,\"name\":\"Accueil\",\"item\":\"https:\/\/toposervices-ci.com\/\"},{\"@type\":\"ListItem\",\"position\":2,\"name\":\"Pr\u00e9sentation\",\"item\":\"https:\/\/toposervices-ci.com\/index.php\/presentation\/\"},{\"@type\":\"ListItem\",\"position\":3,\"name\":\"Notre histoire\"}]},{\"@type\":\"WebSite\",\"@id\":\"https:\/\/toposervices-ci.com\/#website\",\"url\":\"https:\/\/toposervices-ci.com\/\",\"name\":\"Toposervices CI\",\"description\":\"\",\"publisher\":{\"@id\":\"https:\/\/toposervices-ci.com\/#organization\"},\"potentialAction\":[{\"@type\":\"SearchAction\",\"target\":{\"@type\":\"EntryPoint\",\"urlTemplate\":\"https:\/\/toposervices-ci.com\/?s={search_term_string}\"},\"query-input\":{\"@type\":\"PropertyValueSpecification\",\"valueRequired\":true,\"valueName\":\"search_term_string\"}}],\"inLanguage\":\"fr-FR\"},{\"@type\":\"Organization\",\"@id\":\"https:\/\/toposervices-ci.com\/#organization\",\"name\":\"Toposervices CI\",\"url\":\"https:\/\/toposervices-ci.com\/\",\"logo\":{\"@type\":\"ImageObject\",\"inLanguage\":\"fr-FR\",\"@id\":\"https:\/\/toposervices-ci.com\/#\/schema\/logo\/image\/\",\"url\":\"https:\/\/toposervices-ci.com\/wp-content\/uploads\/2025\/06\/cropped-Logo-toposervices.jpeg\",\"contentUrl\":\"https:\/\/toposervices-ci.com\/wp-content\/uploads\/2025\/06\/cropped-Logo-toposervices.jpeg\",\"width\":1424,\"height\":736,\"caption\":\"Toposervices CI\"},\"image\":{\"@id\":\"https:\/\/toposervices-ci.com\/#\/schema\/logo\/image\/\"}}]}<\/script>\n<!-- \/ Yoast SEO plugin. -->","yoast_head_json":{"title":"Notre histoire - Toposervices CI","robots":{"index":"index","follow":"follow","max-snippet":"max-snippet:-1","max-image-preview":"max-image-preview:large","max-video-preview":"max-video-preview:-1"},"canonical":"https:\/\/toposervices-ci.com\/index.php\/presentation\/notre-histoire\/","og_locale":"fr_FR","og_type":"article","og_title":"Notre histoire - Toposervices CI","og_description":"Employ\u00e9 \u00e0 la SITARAIL, le directeur g\u00e9n\u00e9ral-Fondateur a commenc\u00e9 ses activit\u00e9s par la location d\u2019\u00e9quipement topographiques. Ainsi l\u2019app\u00e9tit venant en mangeant, le directeur d\u00e9cide de se d\u00e9sengager de son employeur pour cr\u00e9er sa propre structure. D\u00e8s lors en 2012,\u00a0TOPOSERVICES est cr\u00e9\u00e9e. TOPOSERVICES\u00a0se veut une entreprise qui va r\u00e9pondre sur place aux besoins imm\u00e9diat des clients [&hellip;]","og_url":"https:\/\/toposervices-ci.com\/index.php\/presentation\/notre-histoire\/","og_site_name":"Toposervices CI","article_modified_time":"2025-06-12T16:41:03+00:00","twitter_card":"summary_large_image","twitter_misc":{"Dur\u00e9e de lecture estim\u00e9e":"2 minutes"},"schema":{"@context":"https:\/\/schema.org","@graph":[{"@type":"WebPage","@id":"https:\/\/toposervices-ci.com\/index.php\/presentation\/notre-histoire\/","url":"https:\/\/toposervices-ci.com\/index.php\/presentation\/notre-histoire\/","name":"Notre histoire - Toposervices CI","isPartOf":{"@id":"https:\/\/toposervices-ci.com\/#website"},"datePublished":"2025-06-09T18:49:47+00:00","dateModified":"2025-06-12T16:41:03+00:00","breadcrumb":{"@id":"https:\/\/toposervices-ci.com\/index.php\/presentation\/notre-histoire\/#breadcrumb"},"inLanguage":"fr-FR","potentialAction":[{"@type":"ReadAction","target":["https:\/\/toposervices-ci.com\/index.php\/presentation\/notre-histoire\/"]}]},{"@type":"BreadcrumbList","@id":"https:\/\/toposervices-ci.com\/index.php\/presentation\/notre-histoire\/#breadcrumb","itemListElement":[{"@type":"ListItem","position":1,"name":"Accueil","item":"https:\/\/toposervices-ci.com\/"},{"@type":"ListItem","position":2,"name":"Pr\u00e9sentation","item":"https:\/\/toposervices-ci.com\/index.php\/presentation\/"},{"@type":"ListItem","position":3,"name":"Notre histoire"}]},{"@type":"WebSite","@id":"https:\/\/toposervices-ci.com\/#website","url":"https:\/\/toposervices-ci.com\/","name":"Toposervices CI","description":"","publisher":{"@id":"https:\/\/toposervices-ci.com\/#organization"},"potentialAction":[{"@type":"SearchAction","target":{"@type":"EntryPoint","urlTemplate":"https:\/\/toposervices-ci.com\/?s={search_term_string}"},"query-input":{"@type":"PropertyValueSpecification","valueRequired":true,"valueName":"search_term_string"}}],"inLanguage":"fr-FR"},{"@type":"Organization","@id":"https:\/\/toposervices-ci.com\/#organization","name":"Toposervices CI","url":"https:\/\/toposervices-ci.com\/","logo":{"@type":"ImageObject","inLanguage":"fr-FR","@id":"https:\/\/toposervices-ci.com\/#\/schema\/logo\/image\/","url":"https:\/\/toposervices-ci.com\/wp-content\/uploads\/2025\/06\/cropped-Logo-toposervices.jpeg","contentUrl":"https:\/\/toposervices-ci.com\/wp-content\/uploads\/2025\/06\/cropped-Logo-toposervices.jpeg","width":1424,"height":736,"caption":"Toposervices CI"},"image":{"@id":"https:\/\/toposervices-ci.com\/#\/schema\/logo\/image\/"}}]}},"_links":{"self":[{"href":"https:\/\/toposervices-ci.com\/index.php\/wp-json\/wp\/v2\/pages\/30","targetHints":{"allow":["GET"]}}],"collection":[{"href":"https:\/\/toposervices-ci.com\/index.php\/wp-json\/wp\/v2\/pages"}],"about":[{"href":"https:\/\/toposervices-ci.com\/index.php\/wp-json\/wp\/v2\/types\/page"}],"author":[{"embeddable":true,"href":"https:\/\/toposervices-ci.com\/index.php\/wp-json\/wp\/v2\/users\/1"}],"replies":[{"embeddable":true,"href":"https:\/\/toposervices-ci.com\/index.php\/wp-json\/wp\/v2\/comments?post=30"}],"version-history":[{"count":7,"href":"https:\/\/toposervices-ci.com\/index.php\/wp-json\/wp\/v2\/pages\/30\/revisions"}],"predecessor-version":[{"id":497,"href":"https:\/\/toposervices-ci.com\/index.php\/wp-json\/wp\/v2\/pages\/30\/revisions\/497"}],"up":[{"embeddable":true,"href":"https:\/\/toposervices-ci.com\/index.php\/wp-json\/wp\/v2\/pages\/24"}],"wp:attachment":[{"href":"https:\/\/toposervices-ci.com\/index.php\/wp-json\/wp\/v2\/media?parent=30"}],"curies":[{"name":"wp","href":"https:\/\/api.w.org\/{rel}","templated":true}]}}