{"id":32,"date":"2025-06-09T18:50:51","date_gmt":"2025-06-09T18:50:51","guid":{"rendered":"https:\/\/toposervices-ci.com\/?page_id=32"},"modified":"2025-06-12T16:52:22","modified_gmt":"2025-06-12T16:52:22","slug":"moyens-materiels-ressources-humaines","status":"publish","type":"page","link":"https:\/\/toposervices-ci.com\/index.php\/presentation\/moyens-materiels-ressources-humaines\/","title":{"rendered":"Moyens mat\u00e9riels &#038; ressources humaines"},"content":{"rendered":"\t\t<div data-elementor-type=\"wp-page\" data-elementor-id=\"32\" class=\"elementor elementor-32\" data-elementor-post-type=\"page\">\n\t\t\t\t\t\t<section class=\"elementor-section elementor-top-section elementor-element elementor-element-14092d9a elementor-section-boxed elementor-section-height-default elementor-section-height-default\" data-id=\"14092d9a\" data-element_type=\"section\" data-settings=\"{&quot;background_background&quot;:&quot;classic&quot;}\">\n\t\t\t\t\t\t\t<div class=\"elementor-background-overlay\"><\/div>\n\t\t\t\t\t\t\t<div class=\"elementor-container elementor-column-gap-default\">\n\t\t\t\t\t<div class=\"elementor-column elementor-col-100 elementor-top-column elementor-element elementor-element-79f6fe89\" data-id=\"79f6fe89\" data-element_type=\"column\">\n\t\t\t<div class=\"elementor-widget-wrap elementor-element-populated\">\n\t\t\t\t\t\t<div class=\"elementor-element elementor-element-705bb06 elementor-widget elementor-widget-breadcrumbs\" data-id=\"705bb06\" data-element_type=\"widget\" data-widget_type=\"breadcrumbs.default\">\n\t\t\t\t<div class=\"elementor-widget-container\">\n\t\t\t\t\t<p id=\"breadcrumbs\"><span><span><a href=\"https:\/\/toposervices-ci.com\/\">Accueil<\/a><\/span><\/span><\/p>\t\t\t\t<\/div>\n\t\t\t\t<\/div>\n\t\t\t\t\t<\/div>\n\t\t<\/div>\n\t\t\t\t\t<\/div>\n\t\t<\/section>\n\t\t\t\t<section class=\"elementor-section elementor-top-section elementor-element elementor-element-49c1bf8e elementor-section-boxed elementor-section-height-default elementor-section-height-default\" data-id=\"49c1bf8e\" data-element_type=\"section\">\n\t\t\t\t\t\t<div class=\"elementor-container elementor-column-gap-default\">\n\t\t\t\t\t<div class=\"elementor-column elementor-col-50 elementor-top-column elementor-element elementor-element-67cafaca\" data-id=\"67cafaca\" data-element_type=\"column\">\n\t\t\t<div class=\"elementor-widget-wrap elementor-element-populated\">\n\t\t\t\t\t\t<div class=\"elementor-element elementor-element-3df5970 elementor-align-left elementor-widget elementor-widget-elementskit-button\" data-id=\"3df5970\" data-element_type=\"widget\" data-widget_type=\"elementskit-button.default\">\n\t\t\t\t<div class=\"elementor-widget-container\">\n\t\t\t\t\t<div class=\"ekit-wid-con\" >\t\t<div class=\"ekit-btn-wraper\">\n\t\t\t\t\t\t\t<a href=\"#\" class=\"elementskit-btn  whitespace--normal\" id=\"\">\n\t\t\t\t\tMOYENS LOGISTIQUES ( TRANSPORT )\t\t\t\t<\/a>\n\t\t\t\t\t<\/div>\n        <\/div>\t\t\t\t<\/div>\n\t\t\t\t<\/div>\n\t\t\t\t<div class=\"elementor-element elementor-element-0c059fd elementor-widget elementor-widget-text-editor\" data-id=\"0c059fd\" data-element_type=\"widget\" data-widget_type=\"text-editor.default\">\n\t\t\t\t<div class=\"elementor-widget-container\">\n\t\t\t\t\t\t\t\t\t<p>Pour sa mobilit\u00e9 et son efficacit\u00e9,\u00a0<strong>TOPOSERVICES<\/strong>\u00a0dispose d\u2019un parc auto \u00e9quip\u00e9 de v\u00e9hicules de chantier de type Pick-up 4X4, d\u2019un v\u00e9hicule de liaison, d\u2019un v\u00e9hicule personne, (3 v\u00e9hicules au total) des camionnettes et des fourgonnettes. Elle dispose aussi des \u00e9quipements performants pour ses travaux de construction en b\u00e2timents et g\u00e9nie-civil.<\/p>\t\t\t\t\t\t\t\t<\/div>\n\t\t\t\t<\/div>\n\t\t\t\t<div class=\"elementor-element elementor-element-2c23e2d elementor-align-left elementor-widget elementor-widget-elementskit-button\" data-id=\"2c23e2d\" data-element_type=\"widget\" data-widget_type=\"elementskit-button.default\">\n\t\t\t\t<div class=\"elementor-widget-container\">\n\t\t\t\t\t<div class=\"ekit-wid-con\" >\t\t<div class=\"ekit-btn-wraper\">\n\t\t\t\t\t\t\t<a href=\"#\" class=\"elementskit-btn  whitespace--normal\" id=\"\">\n\t\t\t\t\tMAT\u00c9RIELS ET OUTILLAGES TOPOGRAPHIQUES\t\t\t\t<\/a>\n\t\t\t\t\t<\/div>\n        <\/div>\t\t\t\t<\/div>\n\t\t\t\t<\/div>\n\t\t\t\t<div class=\"elementor-element elementor-element-5400697 elementor-widget elementor-widget-text-editor\" data-id=\"5400697\" data-element_type=\"widget\" data-widget_type=\"text-editor.default\">\n\t\t\t\t<div class=\"elementor-widget-container\">\n\t\t\t\t\t\t\t\t\t<p>Pour la r\u00e9alisation des travaux en ateliers comme sur les chantiers, TOPOSERVICES s\u2019est dot\u00e9 de mat\u00e9riels, et outillages tr\u00e8s performant :<\/p><ul><li>Les GPS diff\u00e9rentiels ;<\/li><li>Des Station Total ;<\/li><li>Les niveaux ;<\/li><li>Les th\u00e9odolites \u00e9lectroniques ;<\/li><li>Des GPS Portatifs ;<\/li><li>Des Traceurs ;<\/li><li>Des collimateurs \u00e0 double tube ;<\/li><\/ul><p>Nous sommes le repr\u00e9sentant officiel de la marque STONEX et partenaire de l\u2019entreprise GEO SCIENCE (Suisse)<\/p>\t\t\t\t\t\t\t\t<\/div>\n\t\t\t\t<\/div>\n\t\t\t\t<div class=\"elementor-element elementor-element-ab1e046 elementor-align-left elementor-widget elementor-widget-elementskit-button\" data-id=\"ab1e046\" data-element_type=\"widget\" data-widget_type=\"elementskit-button.default\">\n\t\t\t\t<div class=\"elementor-widget-container\">\n\t\t\t\t\t<div class=\"ekit-wid-con\" >\t\t<div class=\"ekit-btn-wraper\">\n\t\t\t\t\t\t\t<a href=\"#\" class=\"elementskit-btn  whitespace--normal\" id=\"\">\n\t\t\t\t\tMOYENS LOGICIELS ET MAT\u00c9RIEL INFORMATIQUE\t\t\t\t<\/a>\n\t\t\t\t\t<\/div>\n        <\/div>\t\t\t\t<\/div>\n\t\t\t\t<\/div>\n\t\t\t\t<div class=\"elementor-element elementor-element-7e94e6f elementor-widget elementor-widget-text-editor\" data-id=\"7e94e6f\" data-element_type=\"widget\" data-widget_type=\"text-editor.default\">\n\t\t\t\t<div class=\"elementor-widget-container\">\n\t\t\t\t\t\t\t\t\t<p><strong>TOPOSERVICES<\/strong>\u00a0dispose des \u00e9quipements informatiques avec des progiciels et applications sp\u00e9cialis\u00e9s de derni\u00e8re g\u00e9n\u00e9ration. Des ordinateurs \u00e9quip\u00e9s \u00e9galement de logiciels sp\u00e9ciaux de maintenance pour appareil.<\/p>\t\t\t\t\t\t\t\t<\/div>\n\t\t\t\t<\/div>\n\t\t\t\t\t<\/div>\n\t\t<\/div>\n\t\t\t\t<div class=\"elementor-column elementor-col-50 elementor-top-column elementor-element elementor-element-7ba7784\" data-id=\"7ba7784\" data-element_type=\"column\">\n\t\t\t<div class=\"elementor-widget-wrap elementor-element-populated\">\n\t\t\t\t\t\t<div class=\"elementor-element elementor-element-e8028a7 elementor-widget elementor-widget-image\" data-id=\"e8028a7\" data-element_type=\"widget\" data-widget_type=\"image.default\">\n\t\t\t\t<div class=\"elementor-widget-container\">\n\t\t\t\t\t\t\t\t\t\t\t\t\t\t\t<img fetchpriority=\"high\" decoding=\"async\" width=\"500\" height=\"500\" src=\"https:\/\/toposervices-ci.com\/wp-content\/uploads\/2025\/06\/img-station.jpg\" class=\"attachment-large size-large wp-image-499\" alt=\"\" srcset=\"https:\/\/toposervices-ci.com\/wp-content\/uploads\/2025\/06\/img-station.jpg 500w, https:\/\/toposervices-ci.com\/wp-content\/uploads\/2025\/06\/img-station-300x300.jpg 300w, https:\/\/toposervices-ci.com\/wp-content\/uploads\/2025\/06\/img-station-150x150.jpg 150w\" sizes=\"(max-width: 500px) 100vw, 500px\" \/>\t\t\t\t\t\t\t\t\t\t\t\t\t\t\t<\/div>\n\t\t\t\t<\/div>\n\t\t\t\t<div class=\"elementor-element elementor-element-4cf446c elementor-align-center elementor-widget elementor-widget-elementskit-button\" data-id=\"4cf446c\" data-element_type=\"widget\" data-widget_type=\"elementskit-button.default\">\n\t\t\t\t<div class=\"elementor-widget-container\">\n\t\t\t\t\t<div class=\"ekit-wid-con\" >\t\t<div class=\"ekit-btn-wraper\">\n\t\t\t\t\t\t\t<a href=\"https:\/\/toposervices-ci.com\/index.php\/contact\/\" class=\"elementskit-btn  whitespace--normal\" id=\"\">\n\t\t\t\t\tNous contacter<svg class=\"e-font-icon-svg e-fas-arrow-circle-right\" viewBox=\"0 0 512 512\" xmlns=\"http:\/\/www.w3.org\/2000\/svg\"><path d=\"M256 8c137 0 248 111 248 248S393 504 256 504 8 393 8 256 119 8 256 8zm-28.9 143.6l75.5 72.4H120c-13.3 0-24 10.7-24 24v16c0 13.3 10.7 24 24 24h182.6l-75.5 72.4c-9.7 9.3-9.9 24.8-.4 34.3l11 10.9c9.4 9.4 24.6 9.4 33.9 0L404.3 273c9.4-9.4 9.4-24.6 0-33.9L271.6 106.3c-9.4-9.4-24.6-9.4-33.9 0l-11 10.9c-9.5 9.6-9.3 25.1.4 34.4z\"><\/path><\/svg>\t\t\t\t<\/a>\n\t\t\t\t\t<\/div>\n        <\/div>\t\t\t\t<\/div>\n\t\t\t\t<\/div>\n\t\t\t\t\t<\/div>\n\t\t<\/div>\n\t\t\t\t\t<\/div>\n\t\t<\/section>\n\t\t\t\t<\/div>\n\t\t","protected":false},"excerpt":{"rendered":"<p>MOYENS LOGISTIQUES ( TRANSPORT ) Pour sa mobilit\u00e9 et son efficacit\u00e9,\u00a0TOPOSERVICES\u00a0dispose d\u2019un parc auto \u00e9quip\u00e9 de v\u00e9hicules de chantier de type Pick-up 4X4, d\u2019un v\u00e9hicule de liaison, d\u2019un v\u00e9hicule personne, (3 v\u00e9hicules au total) des camionnettes et des fourgonnettes. Elle dispose aussi des \u00e9quipements performants pour ses travaux de construction en b\u00e2timents et g\u00e9nie-civil. MAT\u00c9RIELS [&hellip;]<\/p>\n","protected":false},"author":1,"featured_media":0,"parent":24,"menu_order":0,"comment_status":"closed","ping_status":"closed","template":"elementor_header_footer","meta":{"footnotes":""},"class_list":["post-32","page","type-page","status-publish","hentry"],"yoast_head":"<!-- This site is optimized with the Yoast SEO plugin v25.5 - https:\/\/yoast.com\/wordpress\/plugins\/seo\/ -->\n<title>Moyens mat\u00e9riels &amp; ressources humaines - Toposervices CI<\/title>\n<meta name=\"robots\" content=\"index, follow, max-snippet:-1, max-image-preview:large, max-video-preview:-1\" \/>\n<link rel=\"canonical\" href=\"https:\/\/toposervices-ci.com\/index.php\/presentation\/moyens-materiels-ressources-humaines\/\" \/>\n<meta property=\"og:locale\" content=\"fr_FR\" \/>\n<meta property=\"og:type\" content=\"article\" \/>\n<meta property=\"og:title\" content=\"Moyens mat\u00e9riels &amp; ressources humaines - Toposervices CI\" \/>\n<meta property=\"og:description\" content=\"MOYENS LOGISTIQUES ( TRANSPORT ) Pour sa mobilit\u00e9 et son efficacit\u00e9,\u00a0TOPOSERVICES\u00a0dispose d\u2019un parc auto \u00e9quip\u00e9 de v\u00e9hicules de chantier de type Pick-up 4X4, d\u2019un v\u00e9hicule de liaison, d\u2019un v\u00e9hicule personne, (3 v\u00e9hicules au total) des camionnettes et des fourgonnettes. Elle dispose aussi des \u00e9quipements performants pour ses travaux de construction en b\u00e2timents et g\u00e9nie-civil. MAT\u00c9RIELS [&hellip;]\" \/>\n<meta property=\"og:url\" content=\"https:\/\/toposervices-ci.com\/index.php\/presentation\/moyens-materiels-ressources-humaines\/\" \/>\n<meta property=\"og:site_name\" content=\"Toposervices CI\" \/>\n<meta property=\"article:modified_time\" content=\"2025-06-12T16:52:22+00:00\" \/>\n<meta property=\"og:image\" content=\"https:\/\/toposervices-ci.com\/wp-content\/uploads\/2025\/06\/img-station.jpg\" \/>\n\t<meta property=\"og:image:width\" content=\"500\" \/>\n\t<meta property=\"og:image:height\" content=\"500\" \/>\n\t<meta property=\"og:image:type\" content=\"image\/jpeg\" \/>\n<meta name=\"twitter:card\" content=\"summary_large_image\" \/>\n<meta name=\"twitter:label1\" content=\"Dur\u00e9e de lecture estim\u00e9e\" \/>\n\t<meta name=\"twitter:data1\" content=\"1 minute\" \/>\n<script type=\"application\/ld+json\" class=\"yoast-schema-graph\">{\"@context\":\"https:\/\/schema.org\",\"@graph\":[{\"@type\":\"WebPage\",\"@id\":\"https:\/\/toposervices-ci.com\/index.php\/presentation\/moyens-materiels-ressources-humaines\/\",\"url\":\"https:\/\/toposervices-ci.com\/index.php\/presentation\/moyens-materiels-ressources-humaines\/\",\"name\":\"Moyens mat\u00e9riels & ressources humaines - Toposervices CI\",\"isPartOf\":{\"@id\":\"https:\/\/toposervices-ci.com\/#website\"},\"primaryImageOfPage\":{\"@id\":\"https:\/\/toposervices-ci.com\/index.php\/presentation\/moyens-materiels-ressources-humaines\/#primaryimage\"},\"image\":{\"@id\":\"https:\/\/toposervices-ci.com\/index.php\/presentation\/moyens-materiels-ressources-humaines\/#primaryimage\"},\"thumbnailUrl\":\"https:\/\/toposervices-ci.com\/wp-content\/uploads\/2025\/06\/img-station.jpg\",\"datePublished\":\"2025-06-09T18:50:51+00:00\",\"dateModified\":\"2025-06-12T16:52:22+00:00\",\"breadcrumb\":{\"@id\":\"https:\/\/toposervices-ci.com\/index.php\/presentation\/moyens-materiels-ressources-humaines\/#breadcrumb\"},\"inLanguage\":\"fr-FR\",\"potentialAction\":[{\"@type\":\"ReadAction\",\"target\":[\"https:\/\/toposervices-ci.com\/index.php\/presentation\/moyens-materiels-ressources-humaines\/\"]}]},{\"@type\":\"ImageObject\",\"inLanguage\":\"fr-FR\",\"@id\":\"https:\/\/toposervices-ci.com\/index.php\/presentation\/moyens-materiels-ressources-humaines\/#primaryimage\",\"url\":\"https:\/\/toposervices-ci.com\/wp-content\/uploads\/2025\/06\/img-station.jpg\",\"contentUrl\":\"https:\/\/toposervices-ci.com\/wp-content\/uploads\/2025\/06\/img-station.jpg\",\"width\":500,\"height\":500},{\"@type\":\"BreadcrumbList\",\"@id\":\"https:\/\/toposervices-ci.com\/index.php\/presentation\/moyens-materiels-ressources-humaines\/#breadcrumb\",\"itemListElement\":[{\"@type\":\"ListItem\",\"position\":1,\"name\":\"Accueil\",\"item\":\"https:\/\/toposervices-ci.com\/\"},{\"@type\":\"ListItem\",\"position\":2,\"name\":\"Pr\u00e9sentation\",\"item\":\"https:\/\/toposervices-ci.com\/index.php\/presentation\/\"},{\"@type\":\"ListItem\",\"position\":3,\"name\":\"Moyens mat\u00e9riels &#038; ressources humaines\"}]},{\"@type\":\"WebSite\",\"@id\":\"https:\/\/toposervices-ci.com\/#website\",\"url\":\"https:\/\/toposervices-ci.com\/\",\"name\":\"Toposervices CI\",\"description\":\"\",\"publisher\":{\"@id\":\"https:\/\/toposervices-ci.com\/#organization\"},\"potentialAction\":[{\"@type\":\"SearchAction\",\"target\":{\"@type\":\"EntryPoint\",\"urlTemplate\":\"https:\/\/toposervices-ci.com\/?s={search_term_string}\"},\"query-input\":{\"@type\":\"PropertyValueSpecification\",\"valueRequired\":true,\"valueName\":\"search_term_string\"}}],\"inLanguage\":\"fr-FR\"},{\"@type\":\"Organization\",\"@id\":\"https:\/\/toposervices-ci.com\/#organization\",\"name\":\"Toposervices CI\",\"url\":\"https:\/\/toposervices-ci.com\/\",\"logo\":{\"@type\":\"ImageObject\",\"inLanguage\":\"fr-FR\",\"@id\":\"https:\/\/toposervices-ci.com\/#\/schema\/logo\/image\/\",\"url\":\"https:\/\/toposervices-ci.com\/wp-content\/uploads\/2025\/06\/cropped-Logo-toposervices.jpeg\",\"contentUrl\":\"https:\/\/toposervices-ci.com\/wp-content\/uploads\/2025\/06\/cropped-Logo-toposervices.jpeg\",\"width\":1424,\"height\":736,\"caption\":\"Toposervices CI\"},\"image\":{\"@id\":\"https:\/\/toposervices-ci.com\/#\/schema\/logo\/image\/\"}}]}<\/script>\n<!-- \/ Yoast SEO plugin. -->","yoast_head_json":{"title":"Moyens mat\u00e9riels & ressources humaines - Toposervices CI","robots":{"index":"index","follow":"follow","max-snippet":"max-snippet:-1","max-image-preview":"max-image-preview:large","max-video-preview":"max-video-preview:-1"},"canonical":"https:\/\/toposervices-ci.com\/index.php\/presentation\/moyens-materiels-ressources-humaines\/","og_locale":"fr_FR","og_type":"article","og_title":"Moyens mat\u00e9riels & ressources humaines - Toposervices CI","og_description":"MOYENS LOGISTIQUES ( TRANSPORT ) Pour sa mobilit\u00e9 et son efficacit\u00e9,\u00a0TOPOSERVICES\u00a0dispose d\u2019un parc auto \u00e9quip\u00e9 de v\u00e9hicules de chantier de type Pick-up 4X4, d\u2019un v\u00e9hicule de liaison, d\u2019un v\u00e9hicule personne, (3 v\u00e9hicules au total) des camionnettes et des fourgonnettes. Elle dispose aussi des \u00e9quipements performants pour ses travaux de construction en b\u00e2timents et g\u00e9nie-civil. MAT\u00c9RIELS [&hellip;]","og_url":"https:\/\/toposervices-ci.com\/index.php\/presentation\/moyens-materiels-ressources-humaines\/","og_site_name":"Toposervices CI","article_modified_time":"2025-06-12T16:52:22+00:00","og_image":[{"width":500,"height":500,"url":"https:\/\/toposervices-ci.com\/wp-content\/uploads\/2025\/06\/img-station.jpg","type":"image\/jpeg"}],"twitter_card":"summary_large_image","twitter_misc":{"Dur\u00e9e de lecture estim\u00e9e":"1 minute"},"schema":{"@context":"https:\/\/schema.org","@graph":[{"@type":"WebPage","@id":"https:\/\/toposervices-ci.com\/index.php\/presentation\/moyens-materiels-ressources-humaines\/","url":"https:\/\/toposervices-ci.com\/index.php\/presentation\/moyens-materiels-ressources-humaines\/","name":"Moyens mat\u00e9riels & ressources humaines - Toposervices CI","isPartOf":{"@id":"https:\/\/toposervices-ci.com\/#website"},"primaryImageOfPage":{"@id":"https:\/\/toposervices-ci.com\/index.php\/presentation\/moyens-materiels-ressources-humaines\/#primaryimage"},"image":{"@id":"https:\/\/toposervices-ci.com\/index.php\/presentation\/moyens-materiels-ressources-humaines\/#primaryimage"},"thumbnailUrl":"https:\/\/toposervices-ci.com\/wp-content\/uploads\/2025\/06\/img-station.jpg","datePublished":"2025-06-09T18:50:51+00:00","dateModified":"2025-06-12T16:52:22+00:00","breadcrumb":{"@id":"https:\/\/toposervices-ci.com\/index.php\/presentation\/moyens-materiels-ressources-humaines\/#breadcrumb"},"inLanguage":"fr-FR","potentialAction":[{"@type":"ReadAction","target":["https:\/\/toposervices-ci.com\/index.php\/presentation\/moyens-materiels-ressources-humaines\/"]}]},{"@type":"ImageObject","inLanguage":"fr-FR","@id":"https:\/\/toposervices-ci.com\/index.php\/presentation\/moyens-materiels-ressources-humaines\/#primaryimage","url":"https:\/\/toposervices-ci.com\/wp-content\/uploads\/2025\/06\/img-station.jpg","contentUrl":"https:\/\/toposervices-ci.com\/wp-content\/uploads\/2025\/06\/img-station.jpg","width":500,"height":500},{"@type":"BreadcrumbList","@id":"https:\/\/toposervices-ci.com\/index.php\/presentation\/moyens-materiels-ressources-humaines\/#breadcrumb","itemListElement":[{"@type":"ListItem","position":1,"name":"Accueil","item":"https:\/\/toposervices-ci.com\/"},{"@type":"ListItem","position":2,"name":"Pr\u00e9sentation","item":"https:\/\/toposervices-ci.com\/index.php\/presentation\/"},{"@type":"ListItem","position":3,"name":"Moyens mat\u00e9riels &#038; ressources humaines"}]},{"@type":"WebSite","@id":"https:\/\/toposervices-ci.com\/#website","url":"https:\/\/toposervices-ci.com\/","name":"Toposervices CI","description":"","publisher":{"@id":"https:\/\/toposervices-ci.com\/#organization"},"potentialAction":[{"@type":"SearchAction","target":{"@type":"EntryPoint","urlTemplate":"https:\/\/toposervices-ci.com\/?s={search_term_string}"},"query-input":{"@type":"PropertyValueSpecification","valueRequired":true,"valueName":"search_term_string"}}],"inLanguage":"fr-FR"},{"@type":"Organization","@id":"https:\/\/toposervices-ci.com\/#organization","name":"Toposervices CI","url":"https:\/\/toposervices-ci.com\/","logo":{"@type":"ImageObject","inLanguage":"fr-FR","@id":"https:\/\/toposervices-ci.com\/#\/schema\/logo\/image\/","url":"https:\/\/toposervices-ci.com\/wp-content\/uploads\/2025\/06\/cropped-Logo-toposervices.jpeg","contentUrl":"https:\/\/toposervices-ci.com\/wp-content\/uploads\/2025\/06\/cropped-Logo-toposervices.jpeg","width":1424,"height":736,"caption":"Toposervices CI"},"image":{"@id":"https:\/\/toposervices-ci.com\/#\/schema\/logo\/image\/"}}]}},"_links":{"self":[{"href":"https:\/\/toposervices-ci.com\/index.php\/wp-json\/wp\/v2\/pages\/32","targetHints":{"allow":["GET"]}}],"collection":[{"href":"https:\/\/toposervices-ci.com\/index.php\/wp-json\/wp\/v2\/pages"}],"about":[{"href":"https:\/\/toposervices-ci.com\/index.php\/wp-json\/wp\/v2\/types\/page"}],"author":[{"embeddable":true,"href":"https:\/\/toposervices-ci.com\/index.php\/wp-json\/wp\/v2\/users\/1"}],"replies":[{"embeddable":true,"href":"https:\/\/toposervices-ci.com\/index.php\/wp-json\/wp\/v2\/comments?post=32"}],"version-history":[{"count":4,"href":"https:\/\/toposervices-ci.com\/index.php\/wp-json\/wp\/v2\/pages\/32\/revisions"}],"predecessor-version":[{"id":502,"href":"https:\/\/toposervices-ci.com\/index.php\/wp-json\/wp\/v2\/pages\/32\/revisions\/502"}],"up":[{"embeddable":true,"href":"https:\/\/toposervices-ci.com\/index.php\/wp-json\/wp\/v2\/pages\/24"}],"wp:attachment":[{"href":"https:\/\/toposervices-ci.com\/index.php\/wp-json\/wp\/v2\/media?parent=32"}],"curies":[{"name":"wp","href":"https:\/\/api.w.org\/{rel}","templated":true}]}}